{"id":5547,"date":"2022-05-03T08:43:54","date_gmt":"2022-05-03T07:43:54","guid":{"rendered":"https:\/\/palmariders.com\/rechtsberaterin\/"},"modified":"2024-04-01T20:04:47","modified_gmt":"2024-04-01T19:04:47","slug":"legal-advisor","status":"publish","type":"page","link":"https:\/\/palmariders.com\/de\/legal-advisor\/","title":{"rendered":"Rechtsberaterin"},"content":{"rendered":"\t\t<div data-elementor-type=\"wp-page\" data-elementor-id=\"5547\" class=\"elementor elementor-5547 elementor-2061\" data-elementor-post-type=\"page\">\n\t\t\t\t\t\t<section class=\"elementor-section elementor-top-section elementor-element elementor-element-73806054 elementor-section-boxed elementor-section-height-default elementor-section-height-default\" data-id=\"73806054\" data-element_type=\"section\" data-e-type=\"section\">\n\t\t\t\t\t\t<div class=\"elementor-container elementor-column-gap-default\">\n\t\t\t\t\t<div class=\"elementor-column elementor-col-100 elementor-top-column elementor-element elementor-element-58766f20\" data-id=\"58766f20\" data-element_type=\"column\" data-e-type=\"column\">\n\t\t\t<div class=\"elementor-widget-wrap elementor-element-populated\">\n\t\t\t\t\t\t<div class=\"elementor-element elementor-element-7f26a0bf elementor-widget elementor-widget-text-editor\" data-id=\"7f26a0bf\" data-element_type=\"widget\" data-e-type=\"widget\" data-widget_type=\"text-editor.default\">\n\t\t\t\t<div class=\"elementor-widget-container\">\n\t\t\t\t\t\t\t\t\t<p>PALMA RIDERS S.C., Verantwortlicher f\u00fcr die Website, im Folgenden VERANTWORTLICHER genannt, stellt den Nutzern dieses Dokument zur Verf\u00fcgung, mit dem er die im Gesetz 34\/2002 vom 11. Juli \u00fcber die Dienstleistungen der Informationsgesellschaft und den elektronischen Handel (LSSICE), BOE Nr. 166, festgelegten Verpflichtungen erf\u00fcllen und alle Nutzer der Website \u00fcber die Nutzungsbedingungen informieren m\u00f6chte.<\/p>\n<p><\/p>\n<p>Jede Person, die auf diese Website zugreift, \u00fcbernimmt die Rolle des Benutzers und verpflichtet sich, die hier aufgef\u00fchrten Bestimmungen sowie alle anderen anwendbaren gesetzlichen Bestimmungen strikt zu beachten und einzuhalten. PALMA RIDERS S.C. beh\u00e4lt sich das Recht vor, jede Art von Information, die auf der Website erscheinen kann, zu \u00e4ndern, ohne dass eine Verpflichtung zur vorherigen Ank\u00fcndigung oder Information der Nutzer besteht, wobei die Ver\u00f6ffentlichung auf der Website von PALMA RIDERS S.C. als ausreichend angesehen wird.<\/p>\n<p><\/p>\n<p>1. IDENTIFIZIERENDE DATEN<\/p>\n<p><\/p>\n<p>Dom\u00e4nenname: palmariders.com<\/p>\n<p>Name des Unternehmens: PALMA RIDERS S.C.<\/p>\n<p>STEUERIDENTIFIKATIONSNUMMER: J16660466<\/p>\n<p>Eingetragene Anschrift: Carrer ARXIDUC LLUIS SALVADOR, n\u00famero 19, LOCAL IZQ, &#8211; 07004 Palma (Illes<\/p>\n<p>Balearische Inseln)<\/p>\n<p>Telefon: 871522709<\/p>\n<p>E-Mail: palmariders@gmail.com<\/p>\n<p>Eingetragen im Register (gewerblich\/\u00f6ffentlich):<\/p>\n<p><\/p>\n<p>2. RECHTE AN GEISTIGEM UND GEWERBLICHEM EIGENTUM<\/p>\n<p><\/p>\n<p>Die Website, einschlie\u00dflich, aber nicht beschr\u00e4nkt auf ihre Programmierung, Bearbeitung, Zusammenstellung und andere f\u00fcr ihren Betrieb notwendige Elemente, Designs, Logos, Texte und\/oder Grafiken, sind Eigentum der VERANTWORTLICHEN PARTEI oder verf\u00fcgen gegebenenfalls \u00fcber eine Lizenz oder ausdr\u00fcckliche Genehmigung der Urheber. Alle Inhalte der Website sind ordnungsgem\u00e4\u00df durch das geistige und gewerbliche Eigentum gesch\u00fctzt<\/p>\n<p>des geistigen und gewerblichen Eigentums, sowie in den entsprechenden \u00f6ffentlichen Registern eingetragen. Unabh\u00e4ngig von dem Zweck, f\u00fcr den sie bestimmt sind, bedarf die vollst\u00e4ndige oder teilweise Vervielf\u00e4ltigung, Nutzung, Verwertung, Verbreitung und Vermarktung in jedem Fall der vorherigen schriftlichen Genehmigung durch die VERANTWORTLICHE PARTEI. Jede unbefugte Nutzung gilt als schwerer Versto\u00df gegen<\/p>\n<p>der geistigen oder gewerblichen Eigentumsrechte des Urhebers.<\/p>\n<p><\/p>\n<p>Die Designs, Logos, Texte und\/oder Grafiken, die nicht dem VERANTWORTLICHEN geh\u00f6ren und die auf der Website erscheinen k\u00f6nnen, geh\u00f6ren ihren jeweiligen Eigent\u00fcmern, und diese sind selbst verantwortlich f\u00fcr eventuelle Kontroversen, die in Bezug auf sie entstehen k\u00f6nnen. Der VERANTWORTLICHE gestattet Dritten ausdr\u00fccklich, direkt auf die spezifischen Inhalte der Website umzuleiten und in jedem Fall auf die Hauptwebsite von palmariders.com umzuleiten.<\/p>\n<p><\/p>\n<p>Der VERANTWORTLICHE erkennt die entsprechenden Rechte an geistigem und gewerblichem Eigentum zugunsten ihrer Eigent\u00fcmer an, und ihre blo\u00dfe Erw\u00e4hnung oder ihr Erscheinen auf der Website impliziert weder das Vorhandensein irgendwelcher Rechte oder Verantwortlichkeiten an ihnen noch eine Bef\u00fcrwortung, Unterst\u00fctzung oder Empfehlung durch sie selbst. F\u00fcr jede Art von Bemerkung bez\u00fcglich m\u00f6glicher Verletzungen von Rechten des geistigen oder gewerblichen Eigentums sowie bez\u00fcglich des Inhalts der Website k\u00f6nnen Sie<\/p>\n<p>per E-Mail an palmariders@gmail.com.<\/p>\n<p><\/p>\n<p>3. HAFTUNGSAUSSCHLUSS<\/p>\n<p><\/p>\n<p>Die VERANTWORTLICHE Partei ist von jeder Art von Verantwortung befreit, die sich aus den auf ihrer Website ver\u00f6ffentlichten Informationen ergibt, sofern diese Informationen von einem Dritten, der nichts mit ihr zu tun hat, manipuliert oder eingef\u00fchrt wurden.<\/p>\n<p><br><\/p>\n<p>Pflichten des Nutzers<\/p>\n<p><br><\/p>\n<p>Durch die Nutzung der Website erkl\u00e4rt der Nutzer, dass er\/sie \u00fcber achtzehn Jahre alt ist. Um die Website nutzen zu k\u00f6nnen, m\u00fcssen Minderj\u00e4hrige die vorherige Erlaubnis ihrer Eltern, ihres Vormunds oder ihres gesetzlichen Vertreters einholen, die f\u00fcr alle Handlungen, die von Minderj\u00e4hrigen unter ihrer Obhut vorgenommen werden, verantwortlich gemacht werden k\u00f6nnen. Der Nutzer verpflichtet sich generell, die Website und die mit ihr verbundenen Dienste mit der gebotenen Sorgfalt und unter Beachtung der Gesetze, der guten Sitten, der \u00f6ffentlichen Ordnung und der Bestimmungen der vorliegenden allgemeinen Bedingungen sowie der gegebenenfalls geltenden besonderen Bedingungen zu nutzen und sie nicht in einer Weise zu verwenden, die den normalen Betrieb und die Nutzung der Website durch die Nutzer beeintr\u00e4chtigen k\u00f6nnte.<\/p>\n<p>die von den Nutzern der Website und der mit ihr verbundenen Dienste genutzt werden oder die das Eigentum und die Rechte der Eigent\u00fcmer der Website, ihrer Lieferanten, der Nutzer oder allgemein Dritter besch\u00e4digen oder sch\u00e4digen k\u00f6nnten. Der Nutzer verpflichtet sich bei der Nutzung der Website und der mit ihr verbundenen Dienste zu Folgendem: 1. keine Computerprogramme, Daten, Viren, Codes oder andere elektronische Instrumente oder Vorrichtungen \u00fcber die Website oder einen der mit ihr verbundenen Dienste einzuf\u00fchren, zu speichern oder zu verbreiten, die Sch\u00e4den an der Website, an einem der mit ihr verbundenen Dienste oder an Ger\u00e4ten, Systemen oder Netzen der Eigent\u00fcmer der Website verursachen k\u00f6nnen, eines Benutzers, ihrer Lieferanten oder im Allgemeinen eines Dritten verursachen k\u00f6nnen, oder die in irgendeiner anderen Weise Sch\u00e4den an der Website, an einem der mit ihr verbundenen Dienste oder an anderen Ger\u00e4ten, Systemen oder Netzen der Eigent\u00fcmer der Website, eines Benutzers, ihrer Lieferanten oder im Allgemeinen eines Dritten verursachen k\u00f6nnen.<\/p>\n<p>oder die in sonstiger Weise geeignet sind, sie in irgendeiner Weise zu ver\u00e4ndern oder ihren normalen Betrieb zu verhindern. 2. keine falschen Identit\u00e4ten zu verwenden oder sich f\u00fcr die Identit\u00e4t anderer auszugeben, wenn Sie die Website oder einen der mit ihr verbundenen Dienste nutzen. 3. die Daten, Informationen, Programme oder elektronischen Dokumente, die den Eigent\u00fcmern der Website geh\u00f6ren, nicht zu zerst\u00f6ren, zu ver\u00e4ndern, unbrauchbar zu machen oder zu besch\u00e4digen<\/p>\n<p>Website, ihre Lieferanten oder Dritte. 4. keine Informationen einzugeben oder zu verbreiten, die verleumderisch, beleidigend, obsz\u00f6n, bedrohlich, fremdenfeindlich sind, zu Gewalt aufrufen, zur Diskriminierung aufgrund des Geschlechts, der Rasse, der Weltanschauung oder der Religion auffordern oder in irgendeiner Weise gegen die Moral, die \u00f6ffentliche Ordnung, die Grundrechte, die \u00f6ffentlichen Freiheiten, die Ehre, die Privatsph\u00e4re oder das Ansehen Dritter und ganz allgemein gegen die geltenden Rechtsvorschriften versto\u00dfen. Sollte ein Nutzer der Ansicht sein, dass es Tatsachen oder Umst\u00e4nde gibt, die den illegalen Charakter der Nutzung von Inhalten und\/oder der Durchf\u00fchrung von Aktivit\u00e4ten auf der Website oder der \u00fcber diese zug\u00e4nglichen Website offenbaren, sollte er\/sie die Eigent\u00fcmer der Website per E-Mail an palmariders@gmail.com benachrichtigen.<\/p>\n<p><br><\/p>\n<p>Verkn\u00fcpfungspolitik<\/p>\n<p><br><\/p>\n<p>Von der Website aus k\u00f6nnen Sie zu Inhalten auf Websites von Dritten weitergeleitet werden. Da der VERANTWORTLICHE die von Dritten in ihre jeweiligen Websites eingestellten Inhalte nicht immer kontrollieren kann, \u00fcbernimmt er keinerlei Verantwortung f\u00fcr diese Inhalte. In jedem Fall werden Inhalte, die gegen die nationale oder internationale Gesetzgebung, die guten Sitten oder die \u00f6ffentliche Ordnung versto\u00dfen k\u00f6nnten, unverz\u00fcglich entfernt und die Weiterleitung zu dieser Website unverz\u00fcglich aufgehoben, wobei die zust\u00e4ndigen Beh\u00f6rden \u00fcber den betreffenden Inhalt informiert werden.<\/p>\n<p><br><\/p>\n<p>Der VERANTWORTLICHE ist nicht f\u00fcr die Informationen und Inhalte verantwortlich, die in Foren, Chats, Bloggeneratoren, Kommentaren, sozialen Netzwerken oder anderen Medien gespeichert werden, die es Dritten erm\u00f6glichen, Inhalte unabh\u00e4ngig auf der Website des VERANTWORTLICHEN zu ver\u00f6ffentlichen. In \u00dcbereinstimmung mit den Bestimmungen der Artikel 11 und 16 des LSSICE stellt es sich jedoch allen Nutzern, Beh\u00f6rden und Sicherheitskr\u00e4ften zur Verf\u00fcgung und arbeitet aktiv an der Entfernung oder gegebenenfalls Sperrung aller Inhalte mit, die die nationale oder internationale Gesetzgebung, die Rechte Dritter oder die Moral und die \u00f6ffentliche Ordnung beeintr\u00e4chtigen oder verletzen k\u00f6nnten. Sollte der Nutzer der Ansicht sein, dass es auf der Website Inhalte gibt, die f\u00fcr diese Einstufung in Frage kommen k\u00f6nnten, benachrichtigen Sie bitte unverz\u00fcglich den Administrator der Website.<\/p>\n<p><br><\/p>\n<p>Diese Website wurde gepr\u00fcft und getestet, um sicherzustellen, dass sie korrekt funktioniert. Im Prinzip kann die ordnungsgem\u00e4\u00dfe Funktion an 365 Tagen im Jahr, 24 Stunden am Tag, gew\u00e4hrleistet werden. Die VERANTWORTLICHE PARTEI schlie\u00dft jedoch die M\u00f6glichkeit bestimmter Programmierfehler oder das Auftreten von h\u00f6herer Gewalt, Naturkatastrophen, Streiks oder \u00e4hnlichen Umst\u00e4nden, die den Zugang zur Website unm\u00f6glich machen, nicht aus.<\/p>\n<p><span style=\"color: var(--body-color);font-family: var(--font-body)\">IP-Adressen<\/span><br><\/p><p><br><\/p><p>Die Server der Website k\u00f6nnen die vom Nutzer verwendete IP-Adresse und den Dom\u00e4nennamen automatisch erkennen. Eine IP-Adresse ist eine Nummer, die einem Computer automatisch zugewiesen wird, wenn er sich mit dem Internet verbindet. Alle diese Informationen werden in einer ordnungsgem\u00e4\u00df registrierten Server-Aktivit\u00e4tsdatei gespeichert, die die sp\u00e4tere Verarbeitung der Daten zu folgenden Zwecken erm\u00f6glicht<\/p><p>nur statistische Messungen, die es erm\u00f6glichen, die Anzahl der Seitenaufrufe, die Anzahl der Besuche auf den Webservern, die Reihenfolge der Besuche, den Zugangspunkt usw. zu ermitteln.<\/p><p><br><\/p><p>4. ANWENDBARES RECHT UND GERICHTSBARKEIT<\/p><p><br><\/p><p>F\u00fcr die Beilegung aller Streitigkeiten oder Fragen im Zusammenhang mit dieser Website oder den auf ihr durchgef\u00fchrten Aktivit\u00e4ten gilt die spanische Gesetzgebung, der sich die Parteien ausdr\u00fccklich unterwerfen, und die Gerichte in der N\u00e4he von Palma sind f\u00fcr die Beilegung aller Konflikte zust\u00e4ndig, die sich aus der Nutzung dieser Website ergeben oder damit zusammenh\u00e4ngen.<\/p>\n<p><\/p>\t\t\t\t\t\t\t\t<\/div>\n\t\t\t\t<\/div>\n\t\t\t\t<div class=\"elementor-element elementor-element-a0b6327 elementor-align-right elementor-mobile-align-center elementor-widget elementor-widget-button\" data-id=\"a0b6327\" data-element_type=\"widget\" data-e-type=\"widget\" data-widget_type=\"button.default\">\n\t\t\t\t<div class=\"elementor-widget-container\">\n\t\t\t\t\t\t\t\t\t<div class=\"elementor-button-wrapper\">\n\t\t\t\t\t<a class=\"elementor-button elementor-button-link elementor-size-sm\" href=\"#\">\n\t\t\t\t\t\t<span class=\"elementor-button-content-wrapper\">\n\t\t\t\t\t\t\t\t\t<span class=\"elementor-button-text\">Online buchen<\/span>\n\t\t\t\t\t<\/span>\n\t\t\t\t\t<\/a>\n\t\t\t\t<\/div>\n\t\t\t\t\t\t\t\t<\/div>\n\t\t\t\t<\/div>\n\t\t\t\t\t<\/div>\n\t\t<\/div>\n\t\t\t\t\t<\/div>\n\t\t<\/section>\n\t\t\t\t<\/div>\n\t\t","protected":false},"excerpt":{"rendered":"<p>PALMA RIDERS S.C., Verantwortlicher f\u00fcr die Website, im Folgenden VERANTWORTLICHER genannt, stellt den Nutzern dieses Dokument zur Verf\u00fcgung, mit dem er die im Gesetz 34\/2002 vom 11. Juli \u00fcber die Dienstleistungen der Informationsgesellschaft und den elektronischen Handel (LSSICE), BOE Nr. 166, festgelegten Verpflichtungen erf\u00fcllen und alle Nutzer der Website \u00fcber die Nutzungsbedingungen informieren m\u00f6chte. Jede<\/p>\n","protected":false},"author":2,"featured_media":0,"parent":0,"menu_order":0,"comment_status":"closed","ping_status":"closed","template":"","meta":{"footnotes":""},"class_list":["post-5547","page","type-page","status-publish","hentry"],"yoast_head":"<!-- This site is optimized with the Yoast SEO plugin v27.4 - https:\/\/yoast.com\/product\/yoast-seo-wordpress\/ -->\n<title>Rechtsberaterin - Palma Riders<\/title>\n<meta name=\"robots\" content=\"index, follow, max-snippet:-1, max-image-preview:large, max-video-preview:-1\" \/>\n<link rel=\"canonical\" href=\"https:\/\/palmariders.com\/de\/legal-advisor\/\" \/>\n<meta property=\"og:locale\" content=\"de_DE\" \/>\n<meta property=\"og:type\" content=\"article\" \/>\n<meta property=\"og:title\" content=\"Rechtsberaterin - Palma Riders\" \/>\n<meta property=\"og:description\" content=\"PALMA RIDERS S.C., Verantwortlicher f\u00fcr die Website, im Folgenden VERANTWORTLICHER genannt, stellt den Nutzern dieses Dokument zur Verf\u00fcgung, mit dem er die im Gesetz 34\/2002 vom 11. Juli \u00fcber die Dienstleistungen der Informationsgesellschaft und den elektronischen Handel (LSSICE), BOE Nr. 166, festgelegten Verpflichtungen erf\u00fcllen und alle Nutzer der Website \u00fcber die Nutzungsbedingungen informieren m\u00f6chte. Jede\" \/>\n<meta property=\"og:url\" content=\"https:\/\/palmariders.com\/de\/legal-advisor\/\" \/>\n<meta property=\"og:site_name\" content=\"Palma Riders\" \/>\n<meta property=\"article:publisher\" content=\"https:\/\/www.facebook.com\/palmariders\/\" \/>\n<meta property=\"article:modified_time\" content=\"2024-04-01T19:04:47+00:00\" \/>\n<meta name=\"twitter:card\" content=\"summary_large_image\" \/>\n<meta name=\"twitter:label1\" content=\"Gesch\u00e4tzte Lesezeit\" \/>\n\t<meta name=\"twitter:data1\" content=\"7\u00a0Minuten\" \/>\n<script type=\"application\/ld+json\" class=\"yoast-schema-graph\">{\"@context\":\"https:\\\/\\\/schema.org\",\"@graph\":[{\"@type\":\"WebPage\",\"@id\":\"https:\\\/\\\/palmariders.com\\\/de\\\/legal-advisor\\\/\",\"url\":\"https:\\\/\\\/palmariders.com\\\/de\\\/legal-advisor\\\/\",\"name\":\"Rechtsberaterin - Palma Riders\",\"isPartOf\":{\"@id\":\"https:\\\/\\\/palmariders.com\\\/#website\"},\"datePublished\":\"2022-05-03T07:43:54+00:00\",\"dateModified\":\"2024-04-01T19:04:47+00:00\",\"breadcrumb\":{\"@id\":\"https:\\\/\\\/palmariders.com\\\/de\\\/legal-advisor\\\/#breadcrumb\"},\"inLanguage\":\"de\",\"potentialAction\":[{\"@type\":\"ReadAction\",\"target\":[\"https:\\\/\\\/palmariders.com\\\/de\\\/legal-advisor\\\/\"]}]},{\"@type\":\"BreadcrumbList\",\"@id\":\"https:\\\/\\\/palmariders.com\\\/de\\\/legal-advisor\\\/#breadcrumb\",\"itemListElement\":[{\"@type\":\"ListItem\",\"position\":1,\"name\":\"Portada\",\"item\":\"https:\\\/\\\/palmariders.com\\\/\"},{\"@type\":\"ListItem\",\"position\":2,\"name\":\"Rechtsberaterin\"}]},{\"@type\":\"WebSite\",\"@id\":\"https:\\\/\\\/palmariders.com\\\/#website\",\"url\":\"https:\\\/\\\/palmariders.com\\\/\",\"name\":\"https:\\\/\\\/palmariders.com\\\/\",\"description\":\"\",\"potentialAction\":[{\"@type\":\"SearchAction\",\"target\":{\"@type\":\"EntryPoint\",\"urlTemplate\":\"https:\\\/\\\/palmariders.com\\\/?s={search_term_string}\"},\"query-input\":{\"@type\":\"PropertyValueSpecification\",\"valueRequired\":true,\"valueName\":\"search_term_string\"}}],\"inLanguage\":\"de\"}]}<\/script>\n<!-- \/ Yoast SEO plugin. -->","yoast_head_json":{"title":"Rechtsberaterin - Palma Riders","robots":{"index":"index","follow":"follow","max-snippet":"max-snippet:-1","max-image-preview":"max-image-preview:large","max-video-preview":"max-video-preview:-1"},"canonical":"https:\/\/palmariders.com\/de\/legal-advisor\/","og_locale":"de_DE","og_type":"article","og_title":"Rechtsberaterin - Palma Riders","og_description":"PALMA RIDERS S.C., Verantwortlicher f\u00fcr die Website, im Folgenden VERANTWORTLICHER genannt, stellt den Nutzern dieses Dokument zur Verf\u00fcgung, mit dem er die im Gesetz 34\/2002 vom 11. Juli \u00fcber die Dienstleistungen der Informationsgesellschaft und den elektronischen Handel (LSSICE), BOE Nr. 166, festgelegten Verpflichtungen erf\u00fcllen und alle Nutzer der Website \u00fcber die Nutzungsbedingungen informieren m\u00f6chte. Jede","og_url":"https:\/\/palmariders.com\/de\/legal-advisor\/","og_site_name":"Palma Riders","article_publisher":"https:\/\/www.facebook.com\/palmariders\/","article_modified_time":"2024-04-01T19:04:47+00:00","twitter_card":"summary_large_image","twitter_misc":{"Gesch\u00e4tzte Lesezeit":"7\u00a0Minuten"},"schema":{"@context":"https:\/\/schema.org","@graph":[{"@type":"WebPage","@id":"https:\/\/palmariders.com\/de\/legal-advisor\/","url":"https:\/\/palmariders.com\/de\/legal-advisor\/","name":"Rechtsberaterin - Palma Riders","isPartOf":{"@id":"https:\/\/palmariders.com\/#website"},"datePublished":"2022-05-03T07:43:54+00:00","dateModified":"2024-04-01T19:04:47+00:00","breadcrumb":{"@id":"https:\/\/palmariders.com\/de\/legal-advisor\/#breadcrumb"},"inLanguage":"de","potentialAction":[{"@type":"ReadAction","target":["https:\/\/palmariders.com\/de\/legal-advisor\/"]}]},{"@type":"BreadcrumbList","@id":"https:\/\/palmariders.com\/de\/legal-advisor\/#breadcrumb","itemListElement":[{"@type":"ListItem","position":1,"name":"Portada","item":"https:\/\/palmariders.com\/"},{"@type":"ListItem","position":2,"name":"Rechtsberaterin"}]},{"@type":"WebSite","@id":"https:\/\/palmariders.com\/#website","url":"https:\/\/palmariders.com\/","name":"https:\/\/palmariders.com\/","description":"","potentialAction":[{"@type":"SearchAction","target":{"@type":"EntryPoint","urlTemplate":"https:\/\/palmariders.com\/?s={search_term_string}"},"query-input":{"@type":"PropertyValueSpecification","valueRequired":true,"valueName":"search_term_string"}}],"inLanguage":"de"}]}},"_links":{"self":[{"href":"https:\/\/palmariders.com\/de\/wp-json\/wp\/v2\/pages\/5547","targetHints":{"allow":["GET"]}}],"collection":[{"href":"https:\/\/palmariders.com\/de\/wp-json\/wp\/v2\/pages"}],"about":[{"href":"https:\/\/palmariders.com\/de\/wp-json\/wp\/v2\/types\/page"}],"author":[{"embeddable":true,"href":"https:\/\/palmariders.com\/de\/wp-json\/wp\/v2\/users\/2"}],"replies":[{"embeddable":true,"href":"https:\/\/palmariders.com\/de\/wp-json\/wp\/v2\/comments?post=5547"}],"version-history":[{"count":0,"href":"https:\/\/palmariders.com\/de\/wp-json\/wp\/v2\/pages\/5547\/revisions"}],"wp:attachment":[{"href":"https:\/\/palmariders.com\/de\/wp-json\/wp\/v2\/media?parent=5547"}],"curies":[{"name":"wp","href":"https:\/\/api.w.org\/{rel}","templated":true}]}}