{"id":5605,"date":"2022-05-03T08:56:49","date_gmt":"2022-05-03T07:56:49","guid":{"rendered":"https:\/\/palmariders.com\/datenschutzbestimmungen-2\/"},"modified":"2024-04-01T20:04:44","modified_gmt":"2024-04-01T19:04:44","slug":"privacy-politicy","status":"publish","type":"page","link":"https:\/\/palmariders.com\/de\/privacy-politicy\/","title":{"rendered":"Datenschutzbestimmungen"},"content":{"rendered":"\t\t<div data-elementor-type=\"wp-page\" data-elementor-id=\"5605\" class=\"elementor elementor-5605\" data-elementor-post-type=\"page\">\n\t\t\t\t\t\t<section class=\"elementor-section elementor-top-section elementor-element elementor-element-6fc49f08 elementor-section-boxed elementor-section-height-default elementor-section-height-default\" data-id=\"6fc49f08\" data-element_type=\"section\" data-e-type=\"section\">\n\t\t\t\t\t\t<div class=\"elementor-container elementor-column-gap-default\">\n\t\t\t\t\t<div class=\"elementor-column elementor-col-100 elementor-top-column elementor-element elementor-element-1a08ca31\" data-id=\"1a08ca31\" data-element_type=\"column\" data-e-type=\"column\">\n\t\t\t<div class=\"elementor-widget-wrap elementor-element-populated\">\n\t\t\t\t\t\t<div class=\"elementor-element elementor-element-36086d3e elementor-widget elementor-widget-text-editor\" data-id=\"36086d3e\" data-element_type=\"widget\" data-e-type=\"widget\" data-widget_type=\"text-editor.default\">\n\t\t\t\t<div class=\"elementor-widget-container\">\n\t\t\t\t\t\t\t\t\t<p>1. BENUTZERINFORMATIONEN<br \/>Wer ist der f\u00fcr die Verarbeitung Ihrer personenbezogenen Daten Verantwortliche?<br \/>Palma Riders S.C. ist der Inhaber der pers\u00f6nlichen Daten des BENUTZERS und informiert ihn dar\u00fcber, dass diese Daten verarbeitet werden in<br \/>gem\u00e4\u00df den Bestimmungen der Verordnung (EU) 2016\/679 vom 27. April (GDPR) und dem Organgesetz 3\/2018 vom 5. Dezember<br \/>(LOPDGDD).<br \/>Zu welchem Zweck verarbeiten wir Ihre personenbezogenen Daten und warum tun wir das?<br \/>Je nach der Form, in der wir die pers\u00f6nlichen Daten erhalten haben, werden wir sie f\u00fcr folgende Zwecke vertraulich behandeln<br \/>Zwecke:<br \/>Im Formular Kontakt<br \/>Beantwortung von Fragen oder Anfragen jeglicher Art, die der Nutzer \u00fcber eine der Kontaktm\u00f6glichkeiten auf der Website<br \/>die Website des f\u00fcr die Verarbeitung Verantwortlichen.<br \/>(f\u00fcr das berechtigte Interesse der verantwortlichen Person, Art. 6.1.f GDPR)<br \/>Durchf\u00fchrung von statistischen Analysen und Marktforschung.<br \/>(f\u00fcr das berechtigte Interesse der verantwortlichen Person, Art. 6.1.f GDPR)<br \/>In dem Formular Newsletter<br \/>Versenden Sie Newsletter, Nachrichten, Angebote und Online-Promotions.<br \/>(mit Zustimmung der betroffenen Person, 6.1.a GDPR)<br \/>Im Formular Angebot anfordern<br \/>Senden Sie kommerzielle Angebote f\u00fcr Produkte und Dienstleistungen.<br \/>(f\u00fcr die Ausf\u00fchrung eines Vertrags oder Vorvertrags, 6.1.b GDPR)<br \/>In der Form Curr\u00edculums<br \/>Einbeziehung der betroffenen Person in den Prozess der Personalauswahl und Durchf\u00fchrung einer Analyse des Bewerbers<br \/>Profil mit dem Ziel, einen Kandidaten f\u00fcr die freie Stelle des Controllers auszuw\u00e4hlen.<br \/>(mit Zustimmung der betroffenen Person, 6.1.a GDPR)<br \/>In den Formularen Reservierungen<br \/>Formalisierung von Vorbehalten im Betrieb des f\u00fcr die Verarbeitung Verantwortlichen.<br \/>(f\u00fcr die Ausf\u00fchrung eines Vertrags oder Vorvertrags, 6.1.b GDPR)<br \/>Versenden kommerzieller Werbemitteilungen per E-Mail, Fax, SMS, MMS, \u00fcber soziale Netzwerke oder auf andere Weise<br \/>gegenw\u00e4rtige oder k\u00fcnftige elektronische oder physische Mittel f\u00fcr Kunden, die kommerzielle Kommunikation erm\u00f6glichen<br \/>\u00fcber Produkte oder Dienstleistungen, die denen \u00e4hnlich sind, die urspr\u00fcnglich mit dem Kunden vertraglich vereinbart wurden (Art.<br \/>21.2 LSSI).<br \/>(f\u00fcr das berechtigte Interesse der verantwortlichen Person, Art. 6.1.f GDPR)<br \/>In der Form Zitate<br \/>Planen Sie Termine und Besprechungen mit dem Kontrolleur.<br \/>(f\u00fcr das berechtigte Interesse der verantwortlichen Person, Art. 6.1.f GDPR)<\/p>\n<p>Palma Riders S.C.<\/p>\n<p>Palma Riders S.C. S. 2<br \/>29-09-2022<br \/>Soziale Netzwerke<br \/>Kontakt \u00fcber soziale Netzwerke, um eine Beziehung zwischen dem Nutzer und dem Verantwortlichen aufrechtzuerhalten,<br \/>die folgende Vorg\u00e4nge umfassen k\u00f6nnen: &#8211; Bearbeitung Ihrer Antr\u00e4ge und Abfragen. &#8211; Informieren Sie \u00fcber Aktivit\u00e4ten und<br \/>Veranstaltungen. &#8211; Informationen \u00fcber Produkte und\/oder Dienstleistungen. &#8211; Interaktion \u00fcber offizielle Profile. Der Benutzer hat ein Profil auf der Website<br \/>dasselbe soziale Netzwerk und hat beschlossen, dem sozialen Netzwerk der verantwortlichen Partei beizutreten und damit sein Interesse zu zeigen<br \/>in den auf ihr ver\u00f6ffentlichten Informationen, daher stellen sie bei der Beantragung, unserer offiziellen Seite zu folgen, Folgendes zur Verf\u00fcgung<br \/>uns Ihre Zustimmung zur Verarbeitung Ihrer Daten mitzuteilen. Der Nutzer kann auf die Datenschutzrichtlinien der sozialen<br \/>Netzwerk selbst jederzeit zu \u00e4ndern und ihr Profil so zu konfigurieren, dass ihre Privatsph\u00e4re gewahrt bleibt. Sobald der Benutzer ein<br \/>Follower oder dem sozialen Netzwerk der verantwortlichen Partei beigetreten sind, k\u00f6nnen sie Kommentare, Links, Bilder ver\u00f6ffentlichen,<br \/>Fotos oder jede andere Art von Inhalten, die von ihr unterst\u00fctzt werden. Der Nutzer muss in jedem Fall der Eigent\u00fcmer des Dokuments sein.<br \/>ver\u00f6ffentlichten Inhalte, \u00fcber das Urheberrecht und die Rechte an geistigem Eigentum verf\u00fcgen oder die Zustimmung des betroffenen Dritten haben<br \/>Parteien. &#8211; Versendung von kommerziellen Mitteilungen im Zusammenhang mit den Aktivit\u00e4ten der Unternehmen der Gruppe, sowie<br \/>Unternehmen au\u00dferhalb der Gruppe, mit denen kommerzielle Kooperations- oder Vermittlungsvereinbarungen getroffen wurden<br \/>etabliert. Weitere Informationen \u00fcber diesen AusgangstextWeitere Informationen \u00fcber die \u00dcbersetzung finden Sie unter<br \/>Sie ben\u00f6tigen den Quelltext Kommentare senden Seitenpanels<br \/>(mit Zustimmung der betroffenen Person, 6.1.a GDPR)<br \/>Sofortige Nachrichten\u00fcbermittlung<br \/>Planen Sie Termine und Besprechungen mit dem Kontrolleur.<br \/>(f\u00fcr das berechtigte Interesse der verantwortlichen Person, Art. 6.1.f GDPR)<br \/>Versenden kommerzieller Werbemitteilungen per E-Mail, Fax, SMS, MMS, \u00fcber soziale Netzwerke oder auf andere Weise<br \/>gegenw\u00e4rtige oder k\u00fcnftige elektronische oder physische Mittel f\u00fcr Kunden, die kommerzielle Kommunikation erm\u00f6glichen<br \/>\u00fcber Produkte oder Dienstleistungen, die denen \u00e4hnlich sind, die urspr\u00fcnglich mit dem Kunden vertraglich vereinbart wurden (Art.<br \/>21.2 LSSI).<br \/>(f\u00fcr das berechtigte Interesse der verantwortlichen Person, Art. 6.1.f GDPR)<br \/>Verwaltung, Aufrechterhaltung, Verbesserung oder Entwicklung der angebotenen Dienste.<br \/>(f\u00fcr die Ausf\u00fchrung eines Vertrags oder Vorvertrags, 6.1.b GDPR)<br \/>Verwalten Sie den Kauf oder die Online-Bestellung, bearbeiten Sie die Zahlung und fahren Sie mit dem Versand oder der Aktivierung des Produkts fort.<br \/>auf der Grundlage der allgemeinen Vertragsbedingungen.<br \/>(f\u00fcr die Ausf\u00fchrung eines Vertrags oder Vorvertrags, 6.1.b GDPR)<br \/>Senden Sie kommerzielle Angebote f\u00fcr Produkte und Dienstleistungen.<br \/>(f\u00fcr die Ausf\u00fchrung eines Vertrags oder Vorvertrags, 6.1.b GDPR)<br \/>Versenden kommerzieller Werbemitteilungen per E-Mail, Fax, SMS, MMS, \u00fcber soziale Netzwerke oder auf andere Weise<br \/>gegenw\u00e4rtige oder zuk\u00fcnftige elektronische oder physische Mittel, die die Durchf\u00fchrung kommerzieller Kommunikationen erm\u00f6glichen.<br \/>Diese Mitteilungen werden von dem f\u00fcr die Verarbeitung Verantwortlichen gemacht und beziehen sich auf seine Produkte und Dienstleistungen, oder<br \/>die ihrer Partner oder Lieferanten, mit denen sie eine Werbevereinbarung getroffen haben. In diesem Fall ist die<br \/>Dritte werden niemals Zugang zu personenbezogenen Daten haben.<br \/>(mit Zustimmung der betroffenen Person, 6.1.a GDPR)<br \/>Beantwortung von Fragen oder Anfragen jeglicher Art, die der Nutzer \u00fcber eine der Kontaktm\u00f6glichkeiten auf der Website<br \/>die Website des f\u00fcr die Verarbeitung Verantwortlichen.<br \/>(f\u00fcr das berechtigte Interesse der verantwortlichen Person, Art. 6.1.f GDPR)<\/p>\n<p>Zweck Sicherheit und Zugangskontrolle, Arbeitskontrolle und interne T\u00e4tigkeit Legitimation \u00d6ffentliches Interesse an Sicherheit<br \/>und Zugangskontrolle und berechtigtes Interesse des Verantwortlichen auf der Grundlage von Art. 20.3 des Arbeitnehmerstatuts<br \/>Konservierung H\u00f6chstens 30 Tage<\/p>\n<p>Palma Riders S.C.<\/p>\n<p>Palma Riders S.C. S. 3<br \/>29-09-2022<br \/>(mit Zustimmung der betroffenen Person, 6.1.a GDPR)<br \/>Bilder und Aufnahmen<br \/>Datei mit statischen und\/oder dynamischen Bildern. Dazu geh\u00f6rt auch die Ver\u00f6ffentlichung in den Medien des f\u00fcr die Datenverarbeitung Verantwortlichen oder Dritter.<br \/>(mit Zustimmung der betroffenen Person, 6.1.a GDPR)<br \/>Kunden und Lieferanten<br \/>Gesch\u00e4ftsmanagement mit Kunden und Lieferanten<br \/>(f\u00fcr das berechtigte Interesse der verantwortlichen Person, Art. 6.1.f GDPR)<br \/>Ausschluss von Werbung<br \/>Datenmanagement, um zu vermeiden, dass kommerzielle Mitteilungen an Personen gesendet werden, die ihre Ablehnung zum Ausdruck gebracht haben oder<br \/>gegen ihren Erhalt.<br \/>(zur Erf\u00fcllung einer rechtlichen Verpflichtung, 6.1.c GDPR)<br \/>Kommerzielle Werbung<br \/>Werbemanagement und Akquise. Beinhaltet Daten aus legitimen, \u00f6ffentlich zug\u00e4nglichen<br \/>Quellen.<br \/>(f\u00fcr das berechtigte Interesse der verantwortlichen Person, Art. 6.1.f GDPR)<br \/>Recht der interessierten Parteien<br \/>Beantwortung von Anfragen von B\u00fcrgern in Aus\u00fcbung der in der DSGVO festgelegten Rechte<br \/>(zur Erf\u00fcllung einer rechtlichen Verpflichtung, 6.1.c GDPR)<br \/>Nutzer Web, App und andere Plattformen der Person i<br \/>Identifizierungsdaten der Nutzer, die auf die Unternehmenswebsite zugreifen.<br \/>(f\u00fcr das berechtigte Interesse der verantwortlichen Person, Art. 6.1.f GDPR)<br \/>Schulungen, Kurse, Workshops, Aktivit\u00e4ten oder \u00c4hnliches<br \/>Verwaltung der Zugangs- und Benutzungsbedingungen.<br \/>(f\u00fcr das berechtigte Interesse der verantwortlichen Person, Art. 6.1.f GDPR)<br \/>Wi-Fi-Netzwerkverbindung<br \/>&#8211; Durchf\u00fchrung von statistischen Analysen und Marktforschung. (f\u00fcr das berechtigte Interesse der verantwortlichen Person, Art. 6.1.f<br \/>GDPR) &#8211; Durchf\u00fchrung von Zufriedenheits- und Qualit\u00e4tsumfragen. (f\u00fcr das berechtigte Interesse der verantwortlichen Person, Art. 6.1.f<br \/>GDPR)<br \/>(mit Zustimmung der betroffenen Person, 6.1.a GDPR)<br \/>Wie lange werden wir Ihre personenbezogenen Daten aufbewahren?<br \/>Die Daten werden nur so lange gespeichert, wie es f\u00fcr die Aufrechterhaltung des Zwecks der Verarbeitung erforderlich ist oder wie es die gesetzlichen Bestimmungen vorsehen.<br \/>Vorschrift, die ihre Aufbewahrung vorschreibt, und wenn dieser Zweck nicht mehr erforderlich ist, werden die Daten in angemessener Weise gel\u00f6scht.<br \/>Sicherheitsma\u00dfnahmen, um die Anonymisierung der Daten oder ihre vollst\u00e4ndige Vernichtung zu gew\u00e4hrleisten.<br \/>An wen geben wir Ihre personenbezogenen Daten weiter?<\/p>\n<p>Palma Riders S.C.<\/p>\n<p>Palma Riders S.C. S. 4<br \/>29-09-2022<br \/>Eine Weitergabe personenbezogener Daten an Dritte ist nicht vorgesehen, es sei denn, sie ist f\u00fcr die Entwicklung und Durchf\u00fchrung der<br \/>an unsere Lieferanten von Kommunikationsdienstleistungen, mit denen der AUFTRAGGEBER einen Vertrag abgeschlossen hat.<br \/>Vertraulichkeit und Vertr\u00e4ge mit Datenverarbeitern, die in den geltenden Datenschutzbestimmungen vorgeschrieben sind.<br \/>Welche Rechte haben Sie?<br \/>Die Rechte des BENUTZERS sind:<br \/>Recht auf jederzeitigen Widerruf der Einwilligung.<\/p>\n<p>Recht auf Zugang, Berichtigung, \u00dcbertragbarkeit und L\u00f6schung Ihrer Daten sowie auf Einschr\u00e4nkung oder Widerspruch gegen deren Verarbeitung.<\/p>\n<p>Das Recht, bei der spanischen Aufsichtsbeh\u00f6rde (www.aepd.es) eine Beschwerde einzureichen, wenn Sie der Meinung sind, dass die Verarbeitung nicht<br \/>den geltenden Rechtsvorschriften entsprechen.<br \/>Kontaktinformationen f\u00fcr die Aus\u00fcbung der Rechte:<br \/>Palma Riders S.C.. C\/ Arxiduc Llu\u00eds Salvador, 19, Local Izq., &#8211; 07004 Palma de Mallorca (Illes Balears). E-Mail: palmariders@gmail.com<\/p>\n<p>2. OBLIGATORISCHER ODER FAKULTATIVER CHARAKTER DER VOM NUTZER BEREITGESTELLTEN INFORMATIONEN<br \/>Die BENUTZER, indem sie die entsprechenden K\u00e4stchen ankreuzen und Daten in die mit einem Sternchen (*) gekennzeichneten Felder des Kontaktformulars eingeben oder<br \/>Formulare herunterladen, akzeptieren ausdr\u00fccklich und unmissverst\u00e4ndlich, dass ihre Daten notwendig sind, damit der Anbieter seine Verpflichtungen erf\u00fcllen kann.<br \/>und geben ihre Daten in den \u00fcbrigen Feldern freiwillig an. Der BENUTZER stellt sicher, dass die pers\u00f6nlichen Daten, die er dem<br \/>CONTROLLER wahr sind und ist daf\u00fcr verantwortlich, ihnen alle \u00c4nderungen mitzuteilen.<br \/>Der VERANTWORTLICHE informiert, dass alle \u00fcber die Website angeforderten Daten obligatorisch sind, da sie f\u00fcr die Erbringung einer Dienstleistung erforderlich sind.<br \/>optimalen Service f\u00fcr den BENUTZER. F\u00fcr den Fall, dass nicht alle Daten zur Verf\u00fcgung gestellt werden, gibt es keine Garantie, dass die Informationen und<br \/>Die erbrachten Dienstleistungen werden vollst\u00e4ndig an die Bed\u00fcrfnisse des Nutzers angepasst.<\/p>\n<p>3. SICHERHEITSMASSNAHMEN<br \/>dass der AUFTRAGGEBER die Bestimmungen der geltenden Vorschriften \u00fcber den Schutz personenbezogener Daten einh\u00e4lt<br \/>alle Bestimmungen der GDPR und der LOPDGDD f\u00fcr die Verarbeitung der personenbezogenen Daten, f\u00fcr die sie verantwortlich sind, einhalten und<br \/>offenkundig die in Artikel 5 der DSGVO beschriebenen Grunds\u00e4tze einh\u00e4lt, wonach die Daten auf rechtm\u00e4\u00dfige, faire und angemessene Weise verarbeitet werden<br \/>transparent in Bezug auf die betroffene Person und angemessen, sachdienlich und auf das beschr\u00e4nkt, was in Bezug auf das Projekt erforderlich ist<br \/>die Zwecke, f\u00fcr die sie verarbeitet werden.<br \/>Der VERANTWORTLICHE garantiert, dass alle geeigneten technischen und organisatorischen Ma\u00dfnahmen getroffen wurden, um die<br \/>die von der GDPR und der LOPDGDD festgelegten Sicherheitsma\u00dfnahmen, um die Rechte und Freiheiten der BENUTZER zu sch\u00fctzen, und hat<br \/>ihnen die entsprechenden Informationen \u00fcbermittelt, damit sie ihre Rechte und Freiheiten wahrnehmen k\u00f6nnen.<br \/>F\u00fcr weitere Informationen zum Datenschutz k\u00f6nnen Sie sich \u00fcber Palma Riders S.C. an den DATA CONTROLLER wenden. C\/ Arxiduc Llu\u00eds<br \/>Salvador, 19, Local Izq., &#8211; 07004 Palma de Mallorca (Illes Balears). E-Mail: palmariders@gmail.com<\/p>\n\t\t\t\t\t\t\t\t<\/div>\n\t\t\t\t<\/div>\n\t\t\t\t\t<\/div>\n\t\t<\/div>\n\t\t\t\t\t<\/div>\n\t\t<\/section>\n\t\t\t\t<\/div>\n\t\t","protected":false},"excerpt":{"rendered":"<p>1. BENUTZERINFORMATIONENWer ist der f\u00fcr die Verarbeitung Ihrer personenbezogenen Daten Verantwortliche?Palma Riders S.C. ist der Inhaber der pers\u00f6nlichen Daten des BENUTZERS und informiert ihn dar\u00fcber, dass diese Daten verarbeitet werden ingem\u00e4\u00df den Bestimmungen der Verordnung (EU) 2016\/679 vom 27. April (GDPR) und dem Organgesetz 3\/2018 vom 5. Dezember(LOPDGDD).Zu welchem Zweck verarbeiten wir Ihre personenbezogenen Daten<\/p>\n","protected":false},"author":2,"featured_media":0,"parent":0,"menu_order":0,"comment_status":"closed","ping_status":"closed","template":"","meta":{"footnotes":""},"class_list":["post-5605","page","type-page","status-publish","hentry"],"yoast_head":"<!-- This site is optimized with the Yoast SEO plugin v27.5 - https:\/\/yoast.com\/product\/yoast-seo-wordpress\/ -->\n<title>Datenschutzbestimmungen - Palma Riders<\/title>\n<meta name=\"robots\" content=\"index, follow, max-snippet:-1, max-image-preview:large, max-video-preview:-1\" \/>\n<link rel=\"canonical\" href=\"https:\/\/palmariders.com\/de\/privacy-politicy\/\" \/>\n<meta property=\"og:locale\" content=\"de_DE\" \/>\n<meta property=\"og:type\" content=\"article\" \/>\n<meta property=\"og:title\" content=\"Datenschutzbestimmungen - Palma Riders\" \/>\n<meta property=\"og:description\" content=\"1. BENUTZERINFORMATIONENWer ist der f\u00fcr die Verarbeitung Ihrer personenbezogenen Daten Verantwortliche?Palma Riders S.C. ist der Inhaber der pers\u00f6nlichen Daten des BENUTZERS und informiert ihn dar\u00fcber, dass diese Daten verarbeitet werden ingem\u00e4\u00df den Bestimmungen der Verordnung (EU) 2016\/679 vom 27. April (GDPR) und dem Organgesetz 3\/2018 vom 5. Dezember(LOPDGDD).Zu welchem Zweck verarbeiten wir Ihre personenbezogenen Daten\" \/>\n<meta property=\"og:url\" content=\"https:\/\/palmariders.com\/de\/privacy-politicy\/\" \/>\n<meta property=\"og:site_name\" content=\"Palma Riders\" \/>\n<meta property=\"article:publisher\" content=\"https:\/\/www.facebook.com\/palmariders\/\" \/>\n<meta property=\"article:modified_time\" content=\"2024-04-01T19:04:44+00:00\" \/>\n<meta name=\"twitter:card\" content=\"summary_large_image\" \/>\n<meta name=\"twitter:label1\" content=\"Gesch\u00e4tzte Lesezeit\" \/>\n\t<meta name=\"twitter:data1\" content=\"8\u00a0Minuten\" \/>\n<script type=\"application\/ld+json\" class=\"yoast-schema-graph\">{\"@context\":\"https:\\\/\\\/schema.org\",\"@graph\":[{\"@type\":\"WebPage\",\"@id\":\"https:\\\/\\\/palmariders.com\\\/de\\\/privacy-politicy\\\/\",\"url\":\"https:\\\/\\\/palmariders.com\\\/de\\\/privacy-politicy\\\/\",\"name\":\"Datenschutzbestimmungen - Palma Riders\",\"isPartOf\":{\"@id\":\"https:\\\/\\\/palmariders.com\\\/#website\"},\"datePublished\":\"2022-05-03T07:56:49+00:00\",\"dateModified\":\"2024-04-01T19:04:44+00:00\",\"breadcrumb\":{\"@id\":\"https:\\\/\\\/palmariders.com\\\/de\\\/privacy-politicy\\\/#breadcrumb\"},\"inLanguage\":\"de\",\"potentialAction\":[{\"@type\":\"ReadAction\",\"target\":[\"https:\\\/\\\/palmariders.com\\\/de\\\/privacy-politicy\\\/\"]}]},{\"@type\":\"BreadcrumbList\",\"@id\":\"https:\\\/\\\/palmariders.com\\\/de\\\/privacy-politicy\\\/#breadcrumb\",\"itemListElement\":[{\"@type\":\"ListItem\",\"position\":1,\"name\":\"Portada\",\"item\":\"https:\\\/\\\/palmariders.com\\\/\"},{\"@type\":\"ListItem\",\"position\":2,\"name\":\"Datenschutzbestimmungen\"}]},{\"@type\":\"WebSite\",\"@id\":\"https:\\\/\\\/palmariders.com\\\/#website\",\"url\":\"https:\\\/\\\/palmariders.com\\\/\",\"name\":\"https:\\\/\\\/palmariders.com\\\/\",\"description\":\"\",\"potentialAction\":[{\"@type\":\"SearchAction\",\"target\":{\"@type\":\"EntryPoint\",\"urlTemplate\":\"https:\\\/\\\/palmariders.com\\\/?s={search_term_string}\"},\"query-input\":{\"@type\":\"PropertyValueSpecification\",\"valueRequired\":true,\"valueName\":\"search_term_string\"}}],\"inLanguage\":\"de\"}]}<\/script>\n<!-- \/ Yoast SEO plugin. -->","yoast_head_json":{"title":"Datenschutzbestimmungen - Palma Riders","robots":{"index":"index","follow":"follow","max-snippet":"max-snippet:-1","max-image-preview":"max-image-preview:large","max-video-preview":"max-video-preview:-1"},"canonical":"https:\/\/palmariders.com\/de\/privacy-politicy\/","og_locale":"de_DE","og_type":"article","og_title":"Datenschutzbestimmungen - Palma Riders","og_description":"1. BENUTZERINFORMATIONENWer ist der f\u00fcr die Verarbeitung Ihrer personenbezogenen Daten Verantwortliche?Palma Riders S.C. ist der Inhaber der pers\u00f6nlichen Daten des BENUTZERS und informiert ihn dar\u00fcber, dass diese Daten verarbeitet werden ingem\u00e4\u00df den Bestimmungen der Verordnung (EU) 2016\/679 vom 27. April (GDPR) und dem Organgesetz 3\/2018 vom 5. Dezember(LOPDGDD).Zu welchem Zweck verarbeiten wir Ihre personenbezogenen Daten","og_url":"https:\/\/palmariders.com\/de\/privacy-politicy\/","og_site_name":"Palma Riders","article_publisher":"https:\/\/www.facebook.com\/palmariders\/","article_modified_time":"2024-04-01T19:04:44+00:00","twitter_card":"summary_large_image","twitter_misc":{"Gesch\u00e4tzte Lesezeit":"8\u00a0Minuten"},"schema":{"@context":"https:\/\/schema.org","@graph":[{"@type":"WebPage","@id":"https:\/\/palmariders.com\/de\/privacy-politicy\/","url":"https:\/\/palmariders.com\/de\/privacy-politicy\/","name":"Datenschutzbestimmungen - Palma Riders","isPartOf":{"@id":"https:\/\/palmariders.com\/#website"},"datePublished":"2022-05-03T07:56:49+00:00","dateModified":"2024-04-01T19:04:44+00:00","breadcrumb":{"@id":"https:\/\/palmariders.com\/de\/privacy-politicy\/#breadcrumb"},"inLanguage":"de","potentialAction":[{"@type":"ReadAction","target":["https:\/\/palmariders.com\/de\/privacy-politicy\/"]}]},{"@type":"BreadcrumbList","@id":"https:\/\/palmariders.com\/de\/privacy-politicy\/#breadcrumb","itemListElement":[{"@type":"ListItem","position":1,"name":"Portada","item":"https:\/\/palmariders.com\/"},{"@type":"ListItem","position":2,"name":"Datenschutzbestimmungen"}]},{"@type":"WebSite","@id":"https:\/\/palmariders.com\/#website","url":"https:\/\/palmariders.com\/","name":"https:\/\/palmariders.com\/","description":"","potentialAction":[{"@type":"SearchAction","target":{"@type":"EntryPoint","urlTemplate":"https:\/\/palmariders.com\/?s={search_term_string}"},"query-input":{"@type":"PropertyValueSpecification","valueRequired":true,"valueName":"search_term_string"}}],"inLanguage":"de"}]}},"_links":{"self":[{"href":"https:\/\/palmariders.com\/de\/wp-json\/wp\/v2\/pages\/5605","targetHints":{"allow":["GET"]}}],"collection":[{"href":"https:\/\/palmariders.com\/de\/wp-json\/wp\/v2\/pages"}],"about":[{"href":"https:\/\/palmariders.com\/de\/wp-json\/wp\/v2\/types\/page"}],"author":[{"embeddable":true,"href":"https:\/\/palmariders.com\/de\/wp-json\/wp\/v2\/users\/2"}],"replies":[{"embeddable":true,"href":"https:\/\/palmariders.com\/de\/wp-json\/wp\/v2\/comments?post=5605"}],"version-history":[{"count":0,"href":"https:\/\/palmariders.com\/de\/wp-json\/wp\/v2\/pages\/5605\/revisions"}],"wp:attachment":[{"href":"https:\/\/palmariders.com\/de\/wp-json\/wp\/v2\/media?parent=5605"}],"curies":[{"name":"wp","href":"https:\/\/api.w.org\/{rel}","templated":true}]}}