{"id":5561,"date":"2022-05-03T08:56:49","date_gmt":"2022-05-03T07:56:49","guid":{"rendered":"https:\/\/palmariders.com\/politique-de-confidentialite-2\/"},"modified":"2024-04-01T20:04:44","modified_gmt":"2024-04-01T19:04:44","slug":"privacy-politicy","status":"publish","type":"page","link":"https:\/\/palmariders.com\/fr\/privacy-politicy\/","title":{"rendered":"Politique de confidentialit\u00e9"},"content":{"rendered":"\t\t<div data-elementor-type=\"wp-page\" data-elementor-id=\"5561\" class=\"elementor elementor-5561\" data-elementor-post-type=\"page\">\n\t\t\t\t\t\t<section class=\"elementor-section elementor-top-section elementor-element elementor-element-6fc49f08 elementor-section-boxed elementor-section-height-default elementor-section-height-default\" data-id=\"6fc49f08\" data-element_type=\"section\" data-e-type=\"section\">\n\t\t\t\t\t\t<div class=\"elementor-container elementor-column-gap-default\">\n\t\t\t\t\t<div class=\"elementor-column elementor-col-100 elementor-top-column elementor-element elementor-element-1a08ca31\" data-id=\"1a08ca31\" data-element_type=\"column\" data-e-type=\"column\">\n\t\t\t<div class=\"elementor-widget-wrap elementor-element-populated\">\n\t\t\t\t\t\t<div class=\"elementor-element elementor-element-36086d3e elementor-widget elementor-widget-text-editor\" data-id=\"36086d3e\" data-element_type=\"widget\" data-e-type=\"widget\" data-widget_type=\"text-editor.default\">\n\t\t\t\t<div class=\"elementor-widget-container\">\n\t\t\t\t\t\t\t\t\t<p>1. INFORMATIONS SUR L&rsquo;UTILISATEUR<br \/>Qui est le responsable du traitement de vos donn\u00e9es \u00e0 caract\u00e8re personnel ?<br \/>Palma Riders S.C. est le contr\u00f4leur des donn\u00e9es personnelles de l&rsquo;UTILISATEUR et l&rsquo;informe que ces donn\u00e9es seront trait\u00e9es en<br \/>conform\u00e9ment aux dispositions du r\u00e8glement (UE) 2016\/679 du 27 avril (GDPR) et de la loi organique 3\/2018 du 5 d\u00e9cembre.<br \/>(LOPDGDD).<br \/>Dans quel but traitons-nous vos donn\u00e9es personnelles et pourquoi le faisons-nous ?<br \/>En fonction de la forme sous laquelle nous avons obtenu les donn\u00e9es personnelles, nous les traiterons de mani\u00e8re confidentielle pour les raisons suivantes<br \/>des objectifs :<br \/>Dans le formulaire Contact<br \/>r\u00e9pondre aux questions ou \u00e0 tout type de demande formul\u00e9e par l&rsquo;utilisateur par le biais de l&rsquo;une des m\u00e9thodes de contact disponibles \u00e0 l&rsquo;adresse suivante<br \/>le site web du contr\u00f4leur.<br \/>(pour l&rsquo;int\u00e9r\u00eat l\u00e9gitime de la personne en charge, art. 6.1.f GDPR)<br \/>Effectuer des analyses statistiques et des \u00e9tudes de march\u00e9.<br \/>(pour l&rsquo;int\u00e9r\u00eat l\u00e9gitime de la personne en charge, art. 6.1.f GDPR)<br \/>Dans le formulaire Newsletter<br \/>Envoyer des bulletins d&rsquo;information, des nouvelles, des offres et des promotions en ligne.<br \/>(avec le consentement de la partie int\u00e9ress\u00e9e, 6.1.a GDPR)<br \/>Dans le formulaire Demande de devis<br \/>Envoyer des devis commerciaux sur des produits et des services.<br \/>(pour l&rsquo;ex\u00e9cution d&rsquo;un contrat ou d&rsquo;un pr\u00e9contrat, 6.1.b GDPR)<br \/>Sous la forme Curr\u00edculums<br \/>Inclure la personne concern\u00e9e dans le processus de s\u00e9lection des employ\u00e9s et proc\u00e9der \u00e0 une analyse des comp\u00e9tences du candidat.<br \/>dans le but de s\u00e9lectionner un candidat pour le poste vacant de contr\u00f4leur.<br \/>(avec le consentement de la partie int\u00e9ress\u00e9e, 6.1.a GDPR)<br \/>Dans le formulaire R\u00e9servations<br \/>Formaliser les r\u00e9serves dans l&rsquo;\u00e9tablissement du contr\u00f4leur.<br \/>(pour l&rsquo;ex\u00e9cution d&rsquo;un contrat ou d&rsquo;un pr\u00e9contrat, 6.1.b GDPR)<br \/>Envoyer des communications publicitaires commerciales par courrier \u00e9lectronique, fax, SMS, MMS, r\u00e9seaux sociaux ou par tout autre moyen.<br \/>les moyens \u00e9lectroniques ou physiques, pr\u00e9sents ou futurs, mis \u00e0 la disposition des clients, qui permettent des communications commerciales<br \/>concernant des produits ou des services similaires \u00e0 ceux qui ont \u00e9t\u00e9 initialement contract\u00e9s avec le client (art.<br \/>21.2 LSSI).<br \/>(pour l&rsquo;int\u00e9r\u00eat l\u00e9gitime de la personne en charge, art. 6.1.f GDPR)<br \/>Sous forme de citations<br \/>Fixer des rendez-vous et des r\u00e9unions avec le contr\u00f4leur.<br \/>(pour l&rsquo;int\u00e9r\u00eat l\u00e9gitime de la personne en charge, art. 6.1.f GDPR)<\/p>\n<p>Palma Riders S.C.<\/p>\n<p>Palma Riders S.C. P. 2<br \/>29-09-2022<br \/>R\u00e9seaux sociaux<br \/>Contact par le biais des r\u00e9seaux sociaux afin de maintenir une relation entre l&rsquo;utilisateur et le responsable,<br \/>qui peut comprendre les op\u00e9rations suivantes : &#8211; traiter vos demandes et requ\u00eates. &#8211; Informer sur les activit\u00e9s et<br \/>\u00e9v\u00e9nements. &#8211; Informer sur les produits et\/ou les services. &#8211; Interagissez par le biais des profils officiels. L&rsquo;utilisateur a un profil sur le site<br \/>m\u00eame r\u00e9seau social et a d\u00e9cid\u00e9 de rejoindre le r\u00e9seau social de la partie responsable, montrant ainsi son int\u00e9r\u00eat<br \/>dans les informations qui y sont publi\u00e9es, donc au moment de demander \u00e0 suivre notre page officielle, ils fournissent<br \/>nous donner votre accord pour le traitement de vos donn\u00e9es. L&rsquo;utilisateur peut acc\u00e9der aux politiques de confidentialit\u00e9 des r\u00e9seaux sociaux.<br \/>Le r\u00e9seau lui-m\u00eame \u00e0 tout moment, ainsi que la configuration de leur profil pour garantir leur vie priv\u00e9e. Une fois que l&rsquo;utilisateur est un<br \/>ou a rejoint le r\u00e9seau social du responsable, ils peuvent publier des commentaires, des liens, des images,<br \/>des photographies ou tout autre type de contenu pris en charge par celui-ci. L&rsquo;utilisateur, dans tous les cas, doit \u00eatre le propri\u00e9taire de la<br \/>le contenu publi\u00e9, jouissent des droits d&rsquo;auteur et de propri\u00e9t\u00e9 intellectuelle ou ont l&rsquo;accord du tiers concern\u00e9<br \/>parties. &#8211; l&rsquo;envoi de communications commerciales li\u00e9es aux activit\u00e9s des soci\u00e9t\u00e9s du groupe, ainsi que<br \/>les entreprises ext\u00e9rieures au groupe, avec lesquelles des accords de collaboration commerciale ou d&rsquo;interm\u00e9diation ont \u00e9t\u00e9 conclus.<br \/>\u00e9tablie. Plus d&rsquo;informations sur ce texte sourcePour plus d&rsquo;informations sur la traduction, voir<br \/>vous avez besoin du texte source Envoyer des commentaires Panneaux lat\u00e9raux<br \/>(avec le consentement de la partie int\u00e9ress\u00e9e, 6.1.a GDPR)<br \/>Messagerie instantan\u00e9e<br \/>Fixer des rendez-vous et des r\u00e9unions avec le contr\u00f4leur.<br \/>(pour l&rsquo;int\u00e9r\u00eat l\u00e9gitime de la personne en charge, art. 6.1.f GDPR)<br \/>Envoyer des communications publicitaires commerciales par courrier \u00e9lectronique, fax, SMS, MMS, r\u00e9seaux sociaux ou par tout autre moyen.<br \/>les moyens \u00e9lectroniques ou physiques, pr\u00e9sents ou futurs, mis \u00e0 la disposition des clients, qui permettent des communications commerciales<br \/>concernant des produits ou des services similaires \u00e0 ceux qui ont \u00e9t\u00e9 initialement contract\u00e9s avec le client (art.<br \/>21.2 LSSI).<br \/>(pour l&rsquo;int\u00e9r\u00eat l\u00e9gitime de la personne en charge, art. 6.1.f GDPR)<br \/>g\u00e9rer, maintenir, am\u00e9liorer ou d\u00e9velopper les services fournis.<br \/>(pour l&rsquo;ex\u00e9cution d&rsquo;un contrat ou d&rsquo;un pr\u00e9contrat, 6.1.b GDPR)<br \/>G\u00e9rer l&rsquo;achat ou la commande en ligne, traiter le paiement et proc\u00e9der \u00e0 l&rsquo;envoi ou \u00e0 l&rsquo;activation du produit.<br \/>m\u00eame, sur la base des conditions g\u00e9n\u00e9rales du contrat.<br \/>(pour l&rsquo;ex\u00e9cution d&rsquo;un contrat ou d&rsquo;un pr\u00e9contrat, 6.1.b GDPR)<br \/>Envoyer des devis commerciaux sur des produits et des services.<br \/>(pour l&rsquo;ex\u00e9cution d&rsquo;un contrat ou d&rsquo;un pr\u00e9contrat, 6.1.b GDPR)<br \/>Envoyer des communications publicitaires commerciales par courrier \u00e9lectronique, fax, SMS, MMS, r\u00e9seaux sociaux ou par tout autre moyen.<br \/>les moyens \u00e9lectroniques ou physiques, pr\u00e9sents ou futurs, qui permettent d&rsquo;effectuer des communications commerciales.<br \/>Ces communications seront effectu\u00e9es par le responsable du traitement et seront li\u00e9es \u00e0 ses produits et services, ou<br \/>celles de leurs partenaires ou fournisseurs avec lesquels ils ont conclu un accord de promotion. Dans ce cas, le<br \/>les tiers n&rsquo;auront jamais acc\u00e8s aux donn\u00e9es personnelles.<br \/>(avec le consentement de la partie int\u00e9ress\u00e9e, 6.1.a GDPR)<br \/>r\u00e9pondre aux questions ou \u00e0 tout type de demande formul\u00e9e par l&rsquo;utilisateur par le biais de l&rsquo;une des m\u00e9thodes de contact disponibles \u00e0 l&rsquo;adresse suivante<br \/>le site web du contr\u00f4leur.<br \/>(pour l&rsquo;int\u00e9r\u00eat l\u00e9gitime de la personne en charge, art. 6.1.f GDPR)<\/p>\n<p>Objet S\u00e9curit\u00e9 et contr\u00f4le d&rsquo;acc\u00e8s, contr\u00f4le du travail et de l&rsquo;activit\u00e9 interne L\u00e9gitimation Int\u00e9r\u00eat public en mati\u00e8re de s\u00e9curit\u00e9<br \/>le contr\u00f4le d&rsquo;acc\u00e8s et l&rsquo;int\u00e9r\u00eat l\u00e9gitime du responsable sur la base de l&rsquo;article 20.3 du Statut des travailleurs<br \/>Conservation 30 jours au maximum<\/p>\n<p>Palma Riders S.C.<\/p>\n<p>Palma Riders S.C. P. 3<br \/>29-09-2022<br \/>(avec le consentement de la partie int\u00e9ress\u00e9e, 6.1.a GDPR)<br \/>Images et enregistrements<br \/>Fichier contenant des images statiques et\/ou dynamiques. Comprend la publication dans les m\u00e9dias du responsable du traitement des donn\u00e9es ou de tiers.<br \/>(avec le consentement de la partie int\u00e9ress\u00e9e, 6.1.a GDPR)<br \/>Clients et fournisseurs<br \/>Gestion des affaires avec les clients et les fournisseurs<br \/>(pour l&rsquo;int\u00e9r\u00eat l\u00e9gitime de la personne en charge, art. 6.1.f GDPR)<br \/>Exclusion de la publicit\u00e9<br \/>La gestion des donn\u00e9es pour \u00e9viter d&rsquo;envoyer des communications commerciales aux personnes qui ont exprim\u00e9 leur refus ou leur m\u00e9contentement.<br \/>l&rsquo;opposition \u00e0 les recevoir.<br \/>(pour le respect d&rsquo;une obligation l\u00e9gale, 6.1.c GDPR)<br \/>Publicit\u00e9 commerciale<br \/>Gestion de la publicit\u00e9 et prospection commerciale. Inclut des donn\u00e9es provenant de sources l\u00e9gitimes accessibles au public<br \/>sources.<br \/>(pour l&rsquo;int\u00e9r\u00eat l\u00e9gitime de la personne en charge, art. 6.1.f GDPR)<br \/>Droit des parties int\u00e9ress\u00e9es<br \/>r\u00e9pondre aux demandes des citoyens dans l&rsquo;exercice des droits \u00e9tablis par le GDPR<br \/>(pour le respect d&rsquo;une obligation l\u00e9gale, 6.1.c GDPR)<br \/>Utilisateurs Web, applications et autres plateformes de la personne i<br \/>Donn\u00e9es d&rsquo;identification des utilisateurs qui acc\u00e8dent au site web de l&rsquo;entreprise.<br \/>(pour l&rsquo;int\u00e9r\u00eat l\u00e9gitime de la personne en charge, art. 6.1.f GDPR)<br \/>Formation, cours, ateliers, activit\u00e9s ou similaires<br \/>Gestion des conditions d&rsquo;acc\u00e8s et d&rsquo;utilisation.<br \/>(pour l&rsquo;int\u00e9r\u00eat l\u00e9gitime de la personne en charge, art. 6.1.f GDPR)<br \/>Connexion au r\u00e9seau Wi-Fi<br \/>&#8211; Effectuer des analyses statistiques et des \u00e9tudes de march\u00e9. (pour l&rsquo;int\u00e9r\u00eat l\u00e9gitime de la personne responsable, art. 6.1.f<br \/>GDPR) &#8211; Mener des enqu\u00eates de satisfaction et de qualit\u00e9. (pour l&rsquo;int\u00e9r\u00eat l\u00e9gitime de la personne responsable, art. 6.1.f<br \/>GDPR)<br \/>(avec le consentement de la partie int\u00e9ress\u00e9e, 6.1.a GDPR)<br \/>Pendant combien de temps conserverons-nous vos donn\u00e9es personnelles ?<br \/>Les donn\u00e9es sont conserv\u00e9es pendant une dur\u00e9e n&rsquo;exc\u00e9dant pas celle n\u00e9cessaire \u00e0 la r\u00e9alisation de la finalit\u00e9 du traitement ou aussi longtemps qu&rsquo;il existe des motifs l\u00e9gaux de croire qu&rsquo;elles sont n\u00e9cessaires \u00e0 la r\u00e9alisation de la finalit\u00e9 du traitement.<br \/>les prescriptions dictant leur garde, et lorsque cette finalit\u00e9 n&rsquo;est plus n\u00e9cessaire, les donn\u00e9es sont effac\u00e9es de mani\u00e8re appropri\u00e9e.<br \/>des mesures de s\u00e9curit\u00e9 pour assurer l&rsquo;anonymisation des donn\u00e9es ou leur destruction compl\u00e8te.<br \/>\u00c0 qui divulguons-nous vos donn\u00e9es personnelles ?<\/p>\n<p>Palma Riders S.C.<\/p>\n<p>Palma Riders S.C. P. 4<br \/>29-09-2022<br \/>Aucune communication de donn\u00e9es \u00e0 caract\u00e8re personnel \u00e0 des tiers n&rsquo;est pr\u00e9vue, sauf si cela s&rsquo;av\u00e8re n\u00e9cessaire pour le d\u00e9veloppement et l&rsquo;ex\u00e9cution du programme.<br \/>les finalit\u00e9s du traitement, \u00e0 nos fournisseurs de services li\u00e9s aux communications, avec lesquels le CONTR\u00d4LEUR a sign\u00e9 un accord de confidentialit\u00e9.<br \/>les contrats de confidentialit\u00e9 et de traitement des donn\u00e9es requis par les r\u00e9glementations en vigueur en mati\u00e8re de protection de la vie priv\u00e9e.<br \/>Quels sont vos droits ?<br \/>Les droits de l&rsquo;UTILISATEUR sont les suivants :<br \/>Droit de retirer son consentement \u00e0 tout moment.<\/p>\n<p>Droit d&rsquo;acc\u00e8s, de rectification, de portabilit\u00e9 et d&rsquo;effacement de vos donn\u00e9es et limitation ou opposition \u00e0 leur traitement.<\/p>\n<p>Le droit de d\u00e9poser une plainte aupr\u00e8s de l&rsquo;autorit\u00e9 de surveillance espagnole (www.aepd.es) si vous consid\u00e9rez que le traitement n&rsquo;est pas conforme \u00e0 la l\u00e9gislation nationale.<br \/>se conformer \u00e0 la l\u00e9gislation en vigueur.<br \/>Coordonn\u00e9es pour l&rsquo;exercice des droits :<br \/>Palma Riders S.C.. C\/ Arxiduc Llu\u00eds Salvador, 19, Local Izq. &#8211; 07004 Palma de Mallorca (Illes Balears). Courriel : palmariders@gmail.com<\/p>\n<p>2. LE CARACT\u00c8RE OBLIGATOIRE OU FACULTATIF DES INFORMATIONS FOURNIES PAR L&rsquo;UTILISATEUR<br \/>Les UTILISATEURS, en cochant les cases correspondantes et en saisissant les donn\u00e9es dans les champs marqu\u00e9s d&rsquo;un ast\u00e9risque (*) dans le formulaire de contact ou dans le formulaire de demande d&rsquo;informations.<br \/>les formulaires de t\u00e9l\u00e9chargement, acceptent express\u00e9ment et de mani\u00e8re libre et non \u00e9quivoque que leurs donn\u00e9es soient n\u00e9cessaires pour que le fournisseur puisse satisfaire \u00e0 ses exigences en mati\u00e8re de s\u00e9curit\u00e9.<br \/>et fournissent volontairement leurs donn\u00e9es dans les champs restants. L&rsquo;UTILISATEUR s&rsquo;assure que les donn\u00e9es \u00e0 caract\u00e8re personnel fournies au<br \/>Le CONTROLEUR est v\u00e9ridique et il est responsable de la communication de tout changement \u00e0 leur \u00e9gard.<br \/>Le CONTR\u00d4LEUR informe que toutes les donn\u00e9es demand\u00e9es par l&rsquo;interm\u00e9diaire du site web sont obligatoires, car elles sont n\u00e9cessaires \u00e0 la fourniture d&rsquo;un service d&rsquo;information.<br \/>un service optimal pour l&rsquo;utilisateur. Dans le cas o\u00f9 toutes les donn\u00e9es ne seraient pas fournies, il n&rsquo;y a aucune garantie que les informations et les donn\u00e9es soient exactes.<br \/>les services fournis seront enti\u00e8rement adapt\u00e9s aux besoins de l&rsquo;utilisateur.<\/p>\n<p>3. LES MESURES DE S\u00c9CURIT\u00c9<br \/>Que, conform\u00e9ment aux dispositions de la r\u00e9glementation en vigueur en mati\u00e8re de protection des donn\u00e9es personnelles, le CONTR\u00d4LEUR se conforme<br \/>\u00e0 toutes les dispositions des r\u00e8glements GDPR et LOPDGDD pour le traitement des donn\u00e9es personnelles dont ils sont responsables, et<br \/>respecte manifestement les principes \u00e9nonc\u00e9s \u00e0 l&rsquo;article 5 du RGPD, en vertu desquels les donn\u00e9es sont trait\u00e9es de mani\u00e8re licite, loyale et \u00e9quitable.<br \/>de mani\u00e8re transparente par rapport \u00e0 la personne concern\u00e9e et appropri\u00e9e, pertinente et limit\u00e9e \u00e0 ce qui est n\u00e9cessaire par rapport \u00e0 l&rsquo;objectif de l&rsquo;enqu\u00eate.<br \/>les finalit\u00e9s pour lesquelles elles sont trait\u00e9es.<br \/>Le CONTR\u00d4LEUR garantit que toutes les politiques techniques et organisationnelles appropri\u00e9es ont \u00e9t\u00e9 mises en \u0153uvre pour appliquer la<br \/>les mesures de s\u00e9curit\u00e9 \u00e9tablies par le GDPR et la LOPDGDD afin de prot\u00e9ger les droits et les libert\u00e9s des UTILISATEURS, et a<br \/>communiquer les informations appropri\u00e9es pour qu&rsquo;ils puissent exercer leurs droits et libert\u00e9s.<br \/>Pour plus d&rsquo;informations sur la protection de la vie priv\u00e9e, vous pouvez contacter le responsable du traitement des donn\u00e9es par l&rsquo;interm\u00e9diaire de Palma Riders S.C.. C\/ Arxiduc Llu\u00eds<br \/>Salvador, 19, Local Izq. &#8211; 07004 Palma de Mallorca (Illes Balears). Courriel : palmariders@gmail.com<\/p>\n\t\t\t\t\t\t\t\t<\/div>\n\t\t\t\t<\/div>\n\t\t\t\t\t<\/div>\n\t\t<\/div>\n\t\t\t\t\t<\/div>\n\t\t<\/section>\n\t\t\t\t<\/div>\n\t\t","protected":false},"excerpt":{"rendered":"<p>1. INFORMATIONS SUR L&rsquo;UTILISATEURQui est le responsable du traitement de vos donn\u00e9es \u00e0 caract\u00e8re personnel ?Palma Riders S.C. est le contr\u00f4leur des donn\u00e9es personnelles de l&rsquo;UTILISATEUR et l&rsquo;informe que ces donn\u00e9es seront trait\u00e9es enconform\u00e9ment aux dispositions du r\u00e8glement (UE) 2016\/679 du 27 avril (GDPR) et de la loi organique 3\/2018 du 5 d\u00e9cembre.(LOPDGDD).Dans quel but<\/p>\n","protected":false},"author":2,"featured_media":0,"parent":0,"menu_order":0,"comment_status":"closed","ping_status":"closed","template":"","meta":{"footnotes":""},"class_list":["post-5561","page","type-page","status-publish","hentry"],"yoast_head":"<!-- This site is optimized with the Yoast SEO plugin v27.3 - https:\/\/yoast.com\/product\/yoast-seo-wordpress\/ -->\n<title>Politique de confidentialit\u00e9 - Palma Riders<\/title>\n<meta name=\"robots\" content=\"index, follow, max-snippet:-1, max-image-preview:large, max-video-preview:-1\" \/>\n<link rel=\"canonical\" href=\"https:\/\/palmariders.com\/fr\/privacy-politicy\/\" \/>\n<meta property=\"og:locale\" content=\"fr_FR\" \/>\n<meta property=\"og:type\" content=\"article\" \/>\n<meta property=\"og:title\" content=\"Politique de confidentialit\u00e9 - Palma Riders\" \/>\n<meta property=\"og:description\" content=\"1. INFORMATIONS SUR L&rsquo;UTILISATEURQui est le responsable du traitement de vos donn\u00e9es \u00e0 caract\u00e8re personnel ?Palma Riders S.C. est le contr\u00f4leur des donn\u00e9es personnelles de l&rsquo;UTILISATEUR et l&rsquo;informe que ces donn\u00e9es seront trait\u00e9es enconform\u00e9ment aux dispositions du r\u00e8glement (UE) 2016\/679 du 27 avril (GDPR) et de la loi organique 3\/2018 du 5 d\u00e9cembre.(LOPDGDD).Dans quel but\" \/>\n<meta property=\"og:url\" content=\"https:\/\/palmariders.com\/fr\/privacy-politicy\/\" \/>\n<meta property=\"og:site_name\" content=\"Palma Riders\" \/>\n<meta property=\"article:publisher\" content=\"https:\/\/www.facebook.com\/palmariders\/\" \/>\n<meta property=\"article:modified_time\" content=\"2024-04-01T19:04:44+00:00\" \/>\n<meta name=\"twitter:card\" content=\"summary_large_image\" \/>\n<meta name=\"twitter:label1\" content=\"Dur\u00e9e de lecture estim\u00e9e\" \/>\n\t<meta name=\"twitter:data1\" content=\"10 minutes\" \/>\n<script type=\"application\/ld+json\" class=\"yoast-schema-graph\">{\"@context\":\"https:\\\/\\\/schema.org\",\"@graph\":[{\"@type\":\"WebPage\",\"@id\":\"https:\\\/\\\/palmariders.com\\\/fr\\\/privacy-politicy\\\/\",\"url\":\"https:\\\/\\\/palmariders.com\\\/fr\\\/privacy-politicy\\\/\",\"name\":\"Politique de confidentialit\u00e9 - Palma Riders\",\"isPartOf\":{\"@id\":\"https:\\\/\\\/palmariders.com\\\/#website\"},\"datePublished\":\"2022-05-03T07:56:49+00:00\",\"dateModified\":\"2024-04-01T19:04:44+00:00\",\"breadcrumb\":{\"@id\":\"https:\\\/\\\/palmariders.com\\\/fr\\\/privacy-politicy\\\/#breadcrumb\"},\"inLanguage\":\"fr-FR\",\"potentialAction\":[{\"@type\":\"ReadAction\",\"target\":[\"https:\\\/\\\/palmariders.com\\\/fr\\\/privacy-politicy\\\/\"]}]},{\"@type\":\"BreadcrumbList\",\"@id\":\"https:\\\/\\\/palmariders.com\\\/fr\\\/privacy-politicy\\\/#breadcrumb\",\"itemListElement\":[{\"@type\":\"ListItem\",\"position\":1,\"name\":\"Portada\",\"item\":\"https:\\\/\\\/palmariders.com\\\/\"},{\"@type\":\"ListItem\",\"position\":2,\"name\":\"Politique de confidentialit\u00e9\"}]},{\"@type\":\"WebSite\",\"@id\":\"https:\\\/\\\/palmariders.com\\\/#website\",\"url\":\"https:\\\/\\\/palmariders.com\\\/\",\"name\":\"https:\\\/\\\/palmariders.com\\\/\",\"description\":\"\",\"potentialAction\":[{\"@type\":\"SearchAction\",\"target\":{\"@type\":\"EntryPoint\",\"urlTemplate\":\"https:\\\/\\\/palmariders.com\\\/?s={search_term_string}\"},\"query-input\":{\"@type\":\"PropertyValueSpecification\",\"valueRequired\":true,\"valueName\":\"search_term_string\"}}],\"inLanguage\":\"fr-FR\"}]}<\/script>\n<!-- \/ Yoast SEO plugin. -->","yoast_head_json":{"title":"Politique de confidentialit\u00e9 - Palma Riders","robots":{"index":"index","follow":"follow","max-snippet":"max-snippet:-1","max-image-preview":"max-image-preview:large","max-video-preview":"max-video-preview:-1"},"canonical":"https:\/\/palmariders.com\/fr\/privacy-politicy\/","og_locale":"fr_FR","og_type":"article","og_title":"Politique de confidentialit\u00e9 - Palma Riders","og_description":"1. INFORMATIONS SUR L&rsquo;UTILISATEURQui est le responsable du traitement de vos donn\u00e9es \u00e0 caract\u00e8re personnel ?Palma Riders S.C. est le contr\u00f4leur des donn\u00e9es personnelles de l&rsquo;UTILISATEUR et l&rsquo;informe que ces donn\u00e9es seront trait\u00e9es enconform\u00e9ment aux dispositions du r\u00e8glement (UE) 2016\/679 du 27 avril (GDPR) et de la loi organique 3\/2018 du 5 d\u00e9cembre.(LOPDGDD).Dans quel but","og_url":"https:\/\/palmariders.com\/fr\/privacy-politicy\/","og_site_name":"Palma Riders","article_publisher":"https:\/\/www.facebook.com\/palmariders\/","article_modified_time":"2024-04-01T19:04:44+00:00","twitter_card":"summary_large_image","twitter_misc":{"Dur\u00e9e de lecture estim\u00e9e":"10 minutes"},"schema":{"@context":"https:\/\/schema.org","@graph":[{"@type":"WebPage","@id":"https:\/\/palmariders.com\/fr\/privacy-politicy\/","url":"https:\/\/palmariders.com\/fr\/privacy-politicy\/","name":"Politique de confidentialit\u00e9 - Palma Riders","isPartOf":{"@id":"https:\/\/palmariders.com\/#website"},"datePublished":"2022-05-03T07:56:49+00:00","dateModified":"2024-04-01T19:04:44+00:00","breadcrumb":{"@id":"https:\/\/palmariders.com\/fr\/privacy-politicy\/#breadcrumb"},"inLanguage":"fr-FR","potentialAction":[{"@type":"ReadAction","target":["https:\/\/palmariders.com\/fr\/privacy-politicy\/"]}]},{"@type":"BreadcrumbList","@id":"https:\/\/palmariders.com\/fr\/privacy-politicy\/#breadcrumb","itemListElement":[{"@type":"ListItem","position":1,"name":"Portada","item":"https:\/\/palmariders.com\/"},{"@type":"ListItem","position":2,"name":"Politique de confidentialit\u00e9"}]},{"@type":"WebSite","@id":"https:\/\/palmariders.com\/#website","url":"https:\/\/palmariders.com\/","name":"https:\/\/palmariders.com\/","description":"","potentialAction":[{"@type":"SearchAction","target":{"@type":"EntryPoint","urlTemplate":"https:\/\/palmariders.com\/?s={search_term_string}"},"query-input":{"@type":"PropertyValueSpecification","valueRequired":true,"valueName":"search_term_string"}}],"inLanguage":"fr-FR"}]}},"_links":{"self":[{"href":"https:\/\/palmariders.com\/fr\/wp-json\/wp\/v2\/pages\/5561","targetHints":{"allow":["GET"]}}],"collection":[{"href":"https:\/\/palmariders.com\/fr\/wp-json\/wp\/v2\/pages"}],"about":[{"href":"https:\/\/palmariders.com\/fr\/wp-json\/wp\/v2\/types\/page"}],"author":[{"embeddable":true,"href":"https:\/\/palmariders.com\/fr\/wp-json\/wp\/v2\/users\/2"}],"replies":[{"embeddable":true,"href":"https:\/\/palmariders.com\/fr\/wp-json\/wp\/v2\/comments?post=5561"}],"version-history":[{"count":0,"href":"https:\/\/palmariders.com\/fr\/wp-json\/wp\/v2\/pages\/5561\/revisions"}],"wp:attachment":[{"href":"https:\/\/palmariders.com\/fr\/wp-json\/wp\/v2\/media?parent=5561"}],"curies":[{"name":"wp","href":"https:\/\/api.w.org\/{rel}","templated":true}]}}