{"id":5577,"date":"2022-05-03T08:43:54","date_gmt":"2022-05-03T07:43:54","guid":{"rendered":"https:\/\/palmariders.com\/conseiller-juridique\/"},"modified":"2024-04-01T20:04:47","modified_gmt":"2024-04-01T19:04:47","slug":"legal-advisor","status":"publish","type":"page","link":"https:\/\/palmariders.com\/fr\/legal-advisor\/","title":{"rendered":"conseiller juridique"},"content":{"rendered":"\t\t<div data-elementor-type=\"wp-page\" data-elementor-id=\"5577\" class=\"elementor elementor-5577 elementor-2061\" data-elementor-post-type=\"page\">\n\t\t\t\t\t\t<section class=\"elementor-section elementor-top-section elementor-element elementor-element-73806054 elementor-section-boxed elementor-section-height-default elementor-section-height-default\" data-id=\"73806054\" data-element_type=\"section\" data-e-type=\"section\">\n\t\t\t\t\t\t<div class=\"elementor-container elementor-column-gap-default\">\n\t\t\t\t\t<div class=\"elementor-column elementor-col-100 elementor-top-column elementor-element elementor-element-58766f20\" data-id=\"58766f20\" data-element_type=\"column\" data-e-type=\"column\">\n\t\t\t<div class=\"elementor-widget-wrap elementor-element-populated\">\n\t\t\t\t\t\t<div class=\"elementor-element elementor-element-7f26a0bf elementor-widget elementor-widget-text-editor\" data-id=\"7f26a0bf\" data-element_type=\"widget\" data-e-type=\"widget\" data-widget_type=\"text-editor.default\">\n\t\t\t\t<div class=\"elementor-widget-container\">\n\t\t\t\t\t\t\t\t\t<p>PALMA RIDERS S.C., responsable du site web, ci-apr\u00e8s d\u00e9nomm\u00e9 RESPONSABLE, met \u00e0 la disposition des utilisateurs le pr\u00e9sent document, dans le but de respecter les obligations pr\u00e9vues par la Loi 34\/2002, du 11 juillet, sur les services de la soci\u00e9t\u00e9 de l&rsquo;information et le commerce \u00e9lectronique (LSSICE), BOE n\u00ba 166, ainsi que pour informer tous les utilisateurs du site web de ses conditions d&rsquo;utilisation.<\/p>\n<p><\/p>\n<p>Toute personne acc\u00e9dant \u00e0 ce site web assume le r\u00f4le d&rsquo;utilisateur, s&rsquo;engageant \u00e0 observer et \u00e0 respecter strictement les dispositions \u00e9nonc\u00e9es dans le pr\u00e9sent document, ainsi que toute autre disposition l\u00e9gale applicable. PALMA RIDERS S.C. se r\u00e9serve le droit de modifier tout type d&rsquo;information pouvant figurer sur le site Web, sans obligation de pr\u00e9avis ni d&rsquo;information des utilisateurs, la publication sur le site Web de PALMA RIDERS S.C. \u00e9tant consid\u00e9r\u00e9e comme suffisante.<\/p>\n<p><\/p>\n<p>1. DONN\u00c9ES D&rsquo;IDENTIFICATION<\/p>\n<p><\/p>\n<p>Nom de domaine : palmariders.com<\/p>\n<p>Nom de l&rsquo;entreprise : PALMA RIDERS S.C.<\/p>\n<p>NUM\u00c9RO D&rsquo;IDENTIFICATION FISCALE : J16660466<\/p>\n<p>Adresse du si\u00e8ge social : Carrer ARXIDUC LLUIS SALVADOR, n\u00famero 19, LOCAL IZQ, &#8211; 07004 Palma (Illes<\/p>\n<p>\u00celes Bal\u00e9ares)<\/p>\n<p>T\u00e9l\u00e9phone : 871522709<\/p>\n<p>e-mail : palmariders@gmail.com<\/p>\n<p>Inscrit au registre (marchand \/ public) :<\/p>\n<p><\/p>\n<p>2. LES DROITS DE PROPRI\u00c9T\u00c9 INTELLECTUELLE ET INDUSTRIELLE<\/p>\n<p><\/p>\n<p>Le site web, y compris, mais sans s&rsquo;y limiter, sa programmation, son \u00e9dition, sa compilation et les autres \u00e9l\u00e9ments n\u00e9cessaires \u00e0 son fonctionnement, les dessins, les logos, les textes et\/ou les graphiques, sont la propri\u00e9t\u00e9 de la PARTIE RESPONSABLE ou, le cas \u00e9ch\u00e9ant, b\u00e9n\u00e9ficient d&rsquo;une licence ou d&rsquo;une autorisation expresse de la part des auteurs. Tous les contenus du site sont d\u00fbment prot\u00e9g\u00e9s par la propri\u00e9t\u00e9 intellectuelle et industrielle.<\/p>\n<p>de la propri\u00e9t\u00e9 intellectuelle et industrielle, ainsi que l&rsquo;inscription dans les registres publics correspondants. Quelle que soit la finalit\u00e9 poursuivie, la reproduction, l&rsquo;utilisation, l&rsquo;exploitation, la distribution et la commercialisation, totales ou partielles, requi\u00e8rent dans tous les cas l&rsquo;autorisation \u00e9crite pr\u00e9alable du RESPONSABLE. Toute utilisation non autoris\u00e9e est consid\u00e9r\u00e9e comme une infraction grave \u00e0 la l\u00e9gislation sur la protection des donn\u00e9es.<\/p>\n<p>des droits de propri\u00e9t\u00e9 intellectuelle ou industrielle de l&rsquo;auteur.<\/p>\n<p><\/p>\n<p>Les dessins, logos, textes et\/ou graphiques qui n&rsquo;appartiennent pas au RESPONSABLE et qui peuvent appara\u00eetre sur le site web appartiennent \u00e0 leurs propri\u00e9taires respectifs, qui sont eux-m\u00eames responsables de toute controverse \u00e9ventuelle \u00e0 leur sujet. Le RESPONSABLE autorise express\u00e9ment les tiers \u00e0 rediriger directement vers les contenus sp\u00e9cifiques du site web, et dans tous les cas \u00e0 rediriger vers le site web principal de palmariders.com.<\/p>\n<p><\/p>\n<p>Le RESPONSABLE reconna\u00eet les droits de propri\u00e9t\u00e9 intellectuelle et industrielle correspondants en faveur de leurs propri\u00e9taires, et leur simple mention ou apparition sur le site web n&rsquo;implique pas l&rsquo;existence d&rsquo;un droit ou d&rsquo;une responsabilit\u00e9 quelconque \u00e0 leur \u00e9gard, ni d&rsquo;une approbation, d&rsquo;un parrainage ou d&rsquo;une recommandation de leur part. Pour faire tout type d&rsquo;observation concernant d&rsquo;\u00e9ventuelles violations des droits de propri\u00e9t\u00e9 intellectuelle ou industrielle, ainsi que sur n&rsquo;importe quel contenu du site web, vous pouvez<\/p>\n<p>par courrier \u00e9lectronique \u00e0 l&rsquo;adresse palmariders@gmail.com.<\/p>\n<p><\/p>\n<p>3. EXON\u00c9RATION DE RESPONSABILIT\u00c9<\/p>\n<p><\/p>\n<p>Le RESPONSABLE est exon\u00e9r\u00e9 de tout type de responsabilit\u00e9 d\u00e9riv\u00e9e de l&rsquo;information publi\u00e9e sur son site web, \u00e0 condition que cette information ait \u00e9t\u00e9 manipul\u00e9e ou introduite par un tiers \u00e9tranger \u00e0 ce dernier.<\/p>\n<p><br><\/p>\n<p>Obligations de l&rsquo;utilisateur<\/p>\n<p><br><\/p>\n<p>En utilisant le site web, l&rsquo;utilisateur d\u00e9clare \u00eatre \u00e2g\u00e9 de plus de dix-huit ans. Pour utiliser le site web, les mineurs doivent obtenir l&rsquo;autorisation pr\u00e9alable de leurs parents, tuteurs ou repr\u00e9sentants l\u00e9gaux, qui seront tenus responsables de tous les actes accomplis par les mineurs dont ils ont la charge. L&rsquo;utilisateur s&rsquo;engage, en g\u00e9n\u00e9ral, \u00e0 utiliser le site Web et les services qui y sont li\u00e9s avec diligence, conform\u00e9ment \u00e0 la loi, \u00e0 la morale, \u00e0 l&rsquo;ordre public et aux dispositions des pr\u00e9sentes conditions g\u00e9n\u00e9rales et des conditions sp\u00e9cifiques \u00e9ventuellement applicables, et il doit \u00e9galement s&rsquo;abstenir de les utiliser d&rsquo;une mani\u00e8re qui puisse entraver le fonctionnement normal et la jouissance par les utilisateurs du site Web.<\/p>\n<p>la jouissance par les utilisateurs du site web et des services qui y sont li\u00e9s, ou qui pourraient endommager ou causer des dommages \u00e0 la propri\u00e9t\u00e9 et aux droits des propri\u00e9taires du site web, de ses fournisseurs, des utilisateurs ou, en g\u00e9n\u00e9ral, de toute tierce partie. L&rsquo;utilisateur, dans le cadre de l&rsquo;utilisation du site Web et des services qui y sont li\u00e9s, s&rsquo;engage \u00e0 : 1. Ne pas introduire, stocker ou diffuser par le biais du site Web ou de l&rsquo;un des services qui y sont li\u00e9s, un programme informatique, des donn\u00e9es, un virus, un code ou tout autre instrument ou dispositif \u00e9lectronique susceptible de causer des dommages au site Web, \u00e0 l&rsquo;un des services qui y sont li\u00e9s ou aux \u00e9quipements, syst\u00e8mes ou r\u00e9seaux des propri\u00e9taires du site Web, de tout utilisateur, de leurs fournisseurs ou, en g\u00e9n\u00e9ral, de tout tiers, ou qui, de toute autre mani\u00e8re, peut causer des dommages au site web, \u00e0 tout service li\u00e9 \u00e0 celui-ci ou \u00e0 tout autre \u00e9quipement, syst\u00e8me ou r\u00e9seau des propri\u00e9taires du site web, de tout utilisateur, de leurs fournisseurs ou, en g\u00e9n\u00e9ral, de tout tiers.<\/p>\n<p>ou qui, de quelque mani\u00e8re que ce soit, est susceptible de leur causer une quelconque alt\u00e9ration ou d&#8217;emp\u00eacher leur fonctionnement normal. 2. ne pas utiliser de fausses identit\u00e9s ou usurper l&rsquo;identit\u00e9 d&rsquo;autres personnes lors de l&rsquo;utilisation du site web ou de l&rsquo;un des services qui y sont li\u00e9s. 3. de ne pas d\u00e9truire, alt\u00e9rer, rendre inutilisables ou endommager les donn\u00e9es, informations, programmes ou documents \u00e9lectroniques appartenant aux propri\u00e9taires du site web.<\/p>\n<p>site web, ses fournisseurs ou des tiers. 4. Ne pas introduire ou diffuser des informations diffamatoires, offensantes, obsc\u00e8nes, mena\u00e7antes, x\u00e9nophobes, incitant \u00e0 la violence, \u00e0 la discrimination fond\u00e9e sur le sexe, la race, l&rsquo;id\u00e9ologie ou la religion ou portant atteinte de quelque mani\u00e8re que ce soit \u00e0 la morale, \u00e0 l&rsquo;ordre public, aux droits fondamentaux, aux libert\u00e9s publiques, \u00e0 l&rsquo;honneur, \u00e0 la vie priv\u00e9e ou \u00e0 l&rsquo;image de tiers et, d&rsquo;une mani\u00e8re g\u00e9n\u00e9rale, \u00e0 la l\u00e9gislation en vigueur. Si un utilisateur consid\u00e8re qu&rsquo;il existe des faits ou des circonstances qui r\u00e9v\u00e8lent le caract\u00e8re illicite de l&rsquo;utilisation de tout contenu et\/ou de la r\u00e9alisation de toute activit\u00e9 sur le site Web ou accessible par ce dernier, il doit en informer les propri\u00e9taires du site Web en envoyant un courrier \u00e9lectronique \u00e0 palmariders@gmail.com.<\/p>\n<p><br><\/p>\n<p>Politique de liaison<\/p>\n<p><br><\/p>\n<p>\u00c0 partir du site web, vous pouvez \u00eatre redirig\u00e9 vers le contenu de sites web de tiers. \u00c9tant donn\u00e9 que le RESPONSABLE ne peut pas toujours contr\u00f4ler les contenus introduits par des tiers dans leurs sites Web respectifs, il n&rsquo;assume aucun type de responsabilit\u00e9 \u00e0 l&rsquo;\u00e9gard de ces contenus. Dans tous les cas, elle proc\u00e9dera au retrait imm\u00e9diat de tout contenu susceptible de contrevenir \u00e0 la l\u00e9gislation nationale ou internationale, \u00e0 la morale ou \u00e0 l&rsquo;ordre public, en proc\u00e9dant au retrait imm\u00e9diat de la redirection vers ledit site web, en informant les autorit\u00e9s comp\u00e9tentes du contenu en question.<\/p>\n<p><br><\/p>\n<p>Le RESPONSABLE n&rsquo;est pas responsable des informations et contenus stock\u00e9s, y compris, mais sans s&rsquo;y limiter, dans les forums, chats, g\u00e9n\u00e9rateurs de blogs, commentaires, r\u00e9seaux sociaux ou tout autre support permettant \u00e0 des tiers de publier des contenus de mani\u00e8re ind\u00e9pendante sur le site web du RESPONSABLE. Toutefois, et conform\u00e9ment aux dispositions des articles 11 et 16 de la LSSICE, il se met \u00e0 la disposition de tous les utilisateurs, autorit\u00e9s et forces de s\u00e9curit\u00e9, en collaborant activement au retrait ou, le cas \u00e9ch\u00e9ant, au blocage de tout contenu susceptible d&rsquo;affecter ou de contrevenir \u00e0 la l\u00e9gislation nationale ou internationale, aux droits des tiers ou \u00e0 la morale et \u00e0 l&rsquo;ordre public. Si l&rsquo;utilisateur consid\u00e8re qu&rsquo;il existe un contenu sur le site web susceptible d&rsquo;\u00eatre class\u00e9 dans cette cat\u00e9gorie, il est pri\u00e9 d&rsquo;en informer imm\u00e9diatement l&rsquo;administrateur du site web.<\/p>\n<p><br><\/p>\n<p>Ce site web a \u00e9t\u00e9 v\u00e9rifi\u00e9 et test\u00e9 pour s&rsquo;assurer qu&rsquo;il fonctionne correctement. En principe, son bon fonctionnement peut \u00eatre garanti 365 jours par an, 24 heures par jour. Toutefois, le RESPONSABLE n&rsquo;exclut pas la possibilit\u00e9 de certaines erreurs de programmation, ou la survenance de cas de force majeure, de catastrophes naturelles, de gr\u00e8ves ou de circonstances similaires rendant impossible l&rsquo;acc\u00e8s au site web.<\/p>\n<p><span style=\"color: var(--body-color);font-family: var(--font-body)\">Adresses IP<\/span><br><\/p><p><br><\/p><p>Les serveurs du site web peuvent d\u00e9tecter automatiquement l&rsquo;adresse IP et le nom de domaine utilis\u00e9s par l&rsquo;utilisateur. Une adresse IP est un num\u00e9ro automatiquement attribu\u00e9 \u00e0 un ordinateur lorsqu&rsquo;il se connecte \u00e0 l&rsquo;internet. Toutes ces informations sont enregistr\u00e9es dans un fichier d&rsquo;activit\u00e9 du serveur d\u00fbment enregistr\u00e9 qui permet le traitement ult\u00e9rieur des donn\u00e9es dans le but de<\/p><p>uniquement des mesures statistiques permettant de conna\u00eetre le nombre d&rsquo;impressions de pages, le nombre de visites effectu\u00e9es sur les serveurs web, l&rsquo;ordre des visites, le point d&rsquo;acc\u00e8s, etc.<\/p><p><br><\/p><p>4. DROIT APPLICABLE ET JURIDICTION<\/p><p><br><\/p><p>Pour la r\u00e9solution de tous les litiges ou questions li\u00e9s \u00e0 ce site Web ou aux activit\u00e9s qui y sont men\u00e9es, la l\u00e9gislation espagnole s&rsquo;applique, \u00e0 laquelle les parties se soumettent express\u00e9ment, et les tribunaux les plus proches de Palma sont comp\u00e9tents pour la r\u00e9solution de tous les conflits d\u00e9coulant de son utilisation ou li\u00e9s \u00e0 celle-ci.<\/p>\n<p><\/p>\t\t\t\t\t\t\t\t<\/div>\n\t\t\t\t<\/div>\n\t\t\t\t<div class=\"elementor-element elementor-element-a0b6327 elementor-align-right elementor-mobile-align-center elementor-widget elementor-widget-button\" data-id=\"a0b6327\" data-element_type=\"widget\" data-e-type=\"widget\" data-widget_type=\"button.default\">\n\t\t\t\t<div class=\"elementor-widget-container\">\n\t\t\t\t\t\t\t\t\t<div class=\"elementor-button-wrapper\">\n\t\t\t\t\t<a class=\"elementor-button elementor-button-link elementor-size-sm\" href=\"#\">\n\t\t\t\t\t\t<span class=\"elementor-button-content-wrapper\">\n\t\t\t\t\t\t\t\t\t<span class=\"elementor-button-text\">R\u00e9server en ligne<\/span>\n\t\t\t\t\t<\/span>\n\t\t\t\t\t<\/a>\n\t\t\t\t<\/div>\n\t\t\t\t\t\t\t\t<\/div>\n\t\t\t\t<\/div>\n\t\t\t\t\t<\/div>\n\t\t<\/div>\n\t\t\t\t\t<\/div>\n\t\t<\/section>\n\t\t\t\t<\/div>\n\t\t","protected":false},"excerpt":{"rendered":"<p>PALMA RIDERS S.C., responsable du site web, ci-apr\u00e8s d\u00e9nomm\u00e9 RESPONSABLE, met \u00e0 la disposition des utilisateurs le pr\u00e9sent document, dans le but de respecter les obligations pr\u00e9vues par la Loi 34\/2002, du 11 juillet, sur les services de la soci\u00e9t\u00e9 de l&rsquo;information et le commerce \u00e9lectronique (LSSICE), BOE n\u00ba 166, ainsi que pour informer tous<\/p>\n","protected":false},"author":2,"featured_media":0,"parent":0,"menu_order":0,"comment_status":"closed","ping_status":"closed","template":"","meta":{"footnotes":""},"class_list":["post-5577","page","type-page","status-publish","hentry"],"yoast_head":"<!-- This site is optimized with the Yoast SEO plugin v27.4 - https:\/\/yoast.com\/product\/yoast-seo-wordpress\/ -->\n<title>conseiller juridique - Palma Riders<\/title>\n<meta name=\"robots\" content=\"index, follow, max-snippet:-1, max-image-preview:large, max-video-preview:-1\" \/>\n<link rel=\"canonical\" href=\"https:\/\/palmariders.com\/fr\/legal-advisor\/\" \/>\n<meta property=\"og:locale\" content=\"fr_FR\" \/>\n<meta property=\"og:type\" content=\"article\" \/>\n<meta property=\"og:title\" content=\"conseiller juridique - Palma Riders\" \/>\n<meta property=\"og:description\" content=\"PALMA RIDERS S.C., responsable du site web, ci-apr\u00e8s d\u00e9nomm\u00e9 RESPONSABLE, met \u00e0 la disposition des utilisateurs le pr\u00e9sent document, dans le but de respecter les obligations pr\u00e9vues par la Loi 34\/2002, du 11 juillet, sur les services de la soci\u00e9t\u00e9 de l&rsquo;information et le commerce \u00e9lectronique (LSSICE), BOE n\u00ba 166, ainsi que pour informer tous\" \/>\n<meta property=\"og:url\" content=\"https:\/\/palmariders.com\/fr\/legal-advisor\/\" \/>\n<meta property=\"og:site_name\" content=\"Palma Riders\" \/>\n<meta property=\"article:publisher\" content=\"https:\/\/www.facebook.com\/palmariders\/\" \/>\n<meta property=\"article:modified_time\" content=\"2024-04-01T19:04:47+00:00\" \/>\n<meta name=\"twitter:card\" content=\"summary_large_image\" \/>\n<meta name=\"twitter:label1\" content=\"Dur\u00e9e de lecture estim\u00e9e\" \/>\n\t<meta name=\"twitter:data1\" content=\"8 minutes\" \/>\n<script type=\"application\/ld+json\" class=\"yoast-schema-graph\">{\"@context\":\"https:\\\/\\\/schema.org\",\"@graph\":[{\"@type\":\"WebPage\",\"@id\":\"https:\\\/\\\/palmariders.com\\\/fr\\\/legal-advisor\\\/\",\"url\":\"https:\\\/\\\/palmariders.com\\\/fr\\\/legal-advisor\\\/\",\"name\":\"conseiller juridique - Palma Riders\",\"isPartOf\":{\"@id\":\"https:\\\/\\\/palmariders.com\\\/#website\"},\"datePublished\":\"2022-05-03T07:43:54+00:00\",\"dateModified\":\"2024-04-01T19:04:47+00:00\",\"breadcrumb\":{\"@id\":\"https:\\\/\\\/palmariders.com\\\/fr\\\/legal-advisor\\\/#breadcrumb\"},\"inLanguage\":\"fr-FR\",\"potentialAction\":[{\"@type\":\"ReadAction\",\"target\":[\"https:\\\/\\\/palmariders.com\\\/fr\\\/legal-advisor\\\/\"]}]},{\"@type\":\"BreadcrumbList\",\"@id\":\"https:\\\/\\\/palmariders.com\\\/fr\\\/legal-advisor\\\/#breadcrumb\",\"itemListElement\":[{\"@type\":\"ListItem\",\"position\":1,\"name\":\"Portada\",\"item\":\"https:\\\/\\\/palmariders.com\\\/\"},{\"@type\":\"ListItem\",\"position\":2,\"name\":\"conseiller juridique\"}]},{\"@type\":\"WebSite\",\"@id\":\"https:\\\/\\\/palmariders.com\\\/#website\",\"url\":\"https:\\\/\\\/palmariders.com\\\/\",\"name\":\"https:\\\/\\\/palmariders.com\\\/\",\"description\":\"\",\"potentialAction\":[{\"@type\":\"SearchAction\",\"target\":{\"@type\":\"EntryPoint\",\"urlTemplate\":\"https:\\\/\\\/palmariders.com\\\/?s={search_term_string}\"},\"query-input\":{\"@type\":\"PropertyValueSpecification\",\"valueRequired\":true,\"valueName\":\"search_term_string\"}}],\"inLanguage\":\"fr-FR\"}]}<\/script>\n<!-- \/ Yoast SEO plugin. -->","yoast_head_json":{"title":"conseiller juridique - Palma Riders","robots":{"index":"index","follow":"follow","max-snippet":"max-snippet:-1","max-image-preview":"max-image-preview:large","max-video-preview":"max-video-preview:-1"},"canonical":"https:\/\/palmariders.com\/fr\/legal-advisor\/","og_locale":"fr_FR","og_type":"article","og_title":"conseiller juridique - Palma Riders","og_description":"PALMA RIDERS S.C., responsable du site web, ci-apr\u00e8s d\u00e9nomm\u00e9 RESPONSABLE, met \u00e0 la disposition des utilisateurs le pr\u00e9sent document, dans le but de respecter les obligations pr\u00e9vues par la Loi 34\/2002, du 11 juillet, sur les services de la soci\u00e9t\u00e9 de l&rsquo;information et le commerce \u00e9lectronique (LSSICE), BOE n\u00ba 166, ainsi que pour informer tous","og_url":"https:\/\/palmariders.com\/fr\/legal-advisor\/","og_site_name":"Palma Riders","article_publisher":"https:\/\/www.facebook.com\/palmariders\/","article_modified_time":"2024-04-01T19:04:47+00:00","twitter_card":"summary_large_image","twitter_misc":{"Dur\u00e9e de lecture estim\u00e9e":"8 minutes"},"schema":{"@context":"https:\/\/schema.org","@graph":[{"@type":"WebPage","@id":"https:\/\/palmariders.com\/fr\/legal-advisor\/","url":"https:\/\/palmariders.com\/fr\/legal-advisor\/","name":"conseiller juridique - Palma Riders","isPartOf":{"@id":"https:\/\/palmariders.com\/#website"},"datePublished":"2022-05-03T07:43:54+00:00","dateModified":"2024-04-01T19:04:47+00:00","breadcrumb":{"@id":"https:\/\/palmariders.com\/fr\/legal-advisor\/#breadcrumb"},"inLanguage":"fr-FR","potentialAction":[{"@type":"ReadAction","target":["https:\/\/palmariders.com\/fr\/legal-advisor\/"]}]},{"@type":"BreadcrumbList","@id":"https:\/\/palmariders.com\/fr\/legal-advisor\/#breadcrumb","itemListElement":[{"@type":"ListItem","position":1,"name":"Portada","item":"https:\/\/palmariders.com\/"},{"@type":"ListItem","position":2,"name":"conseiller juridique"}]},{"@type":"WebSite","@id":"https:\/\/palmariders.com\/#website","url":"https:\/\/palmariders.com\/","name":"https:\/\/palmariders.com\/","description":"","potentialAction":[{"@type":"SearchAction","target":{"@type":"EntryPoint","urlTemplate":"https:\/\/palmariders.com\/?s={search_term_string}"},"query-input":{"@type":"PropertyValueSpecification","valueRequired":true,"valueName":"search_term_string"}}],"inLanguage":"fr-FR"}]}},"_links":{"self":[{"href":"https:\/\/palmariders.com\/fr\/wp-json\/wp\/v2\/pages\/5577","targetHints":{"allow":["GET"]}}],"collection":[{"href":"https:\/\/palmariders.com\/fr\/wp-json\/wp\/v2\/pages"}],"about":[{"href":"https:\/\/palmariders.com\/fr\/wp-json\/wp\/v2\/types\/page"}],"author":[{"embeddable":true,"href":"https:\/\/palmariders.com\/fr\/wp-json\/wp\/v2\/users\/2"}],"replies":[{"embeddable":true,"href":"https:\/\/palmariders.com\/fr\/wp-json\/wp\/v2\/comments?post=5577"}],"version-history":[{"count":0,"href":"https:\/\/palmariders.com\/fr\/wp-json\/wp\/v2\/pages\/5577\/revisions"}],"wp:attachment":[{"href":"https:\/\/palmariders.com\/fr\/wp-json\/wp\/v2\/media?parent=5577"}],"curies":[{"name":"wp","href":"https:\/\/api.w.org\/{rel}","templated":true}]}}