{"id":5575,"date":"2022-05-03T08:56:49","date_gmt":"2022-05-03T07:56:49","guid":{"rendered":"https:\/\/palmariders.com\/informativa-sulla-privacy-2\/"},"modified":"2024-04-01T20:04:44","modified_gmt":"2024-04-01T19:04:44","slug":"privacy-politicy","status":"publish","type":"page","link":"https:\/\/palmariders.com\/it\/privacy-politicy\/","title":{"rendered":"Informativa sulla privacy"},"content":{"rendered":"\t\t<div data-elementor-type=\"wp-page\" data-elementor-id=\"5575\" class=\"elementor elementor-5575\" data-elementor-post-type=\"page\">\n\t\t\t\t\t\t<section class=\"elementor-section elementor-top-section elementor-element elementor-element-6fc49f08 elementor-section-boxed elementor-section-height-default elementor-section-height-default\" data-id=\"6fc49f08\" data-element_type=\"section\" data-e-type=\"section\">\n\t\t\t\t\t\t<div class=\"elementor-container elementor-column-gap-default\">\n\t\t\t\t\t<div class=\"elementor-column elementor-col-100 elementor-top-column elementor-element elementor-element-1a08ca31\" data-id=\"1a08ca31\" data-element_type=\"column\" data-e-type=\"column\">\n\t\t\t<div class=\"elementor-widget-wrap elementor-element-populated\">\n\t\t\t\t\t\t<div class=\"elementor-element elementor-element-36086d3e elementor-widget elementor-widget-text-editor\" data-id=\"36086d3e\" data-element_type=\"widget\" data-e-type=\"widget\" data-widget_type=\"text-editor.default\">\n\t\t\t\t<div class=\"elementor-widget-container\">\n\t\t\t\t\t\t\t\t\t<p>1. INFORMAZIONI SULL&#8217;UTENTE<br \/>Chi \u00e8 il responsabile del trattamento dei vostri dati personali?<br \/>Palma Riders S.C. \u00e8 il Titolare del trattamento dei dati personali dell&#8217;UTENTE e lo informa che tali dati verranno trattati in<br \/>in conformit\u00e0 alle disposizioni del Regolamento (UE) 2016\/679 del 27 aprile (GDPR) e della Legge Organica 3\/2018 del 5 dicembre<br \/>(LOPDGDD).<br \/>Per quale scopo trattiamo i vostri dati personali e perch\u00e9 lo facciamo?<br \/>A seconda della forma con cui abbiamo ottenuto i dati personali, li tratteremo in modo confidenziale per i seguenti scopi<br \/>scopi:<br \/>Nel modulo Contatto<br \/>Rispondere alle domande o a qualsiasi tipo di richiesta fatta dall&#8217;utente attraverso uno qualsiasi dei metodi di contatto disponibili su<br \/>il sito web del responsabile del trattamento.<br \/>(per il legittimo interesse del responsabile, art. 6.1.f GDPR)<br \/>Condurre analisi statistiche e ricerche di mercato.<br \/>(per il legittimo interesse del responsabile, art. 6.1.f GDPR)<br \/>Nel modulo Newsletter<br \/>Inviare newsletter, notizie, offerte e promozioni online.<br \/>(con il consenso dell&#8217;interessato, 6.1.a GDPR)<br \/>Nel modulo Richiedi un preventivo<br \/>Inviare preventivi commerciali su prodotti e servizi.<br \/>(per l&#8217;esecuzione di un contratto o di un precontratto, 6.1.b GDPR)<br \/>Nella forma Curr\u00edculums<br \/>Coinvolgere l&#8217;Interessato nel processo di selezione dei dipendenti ed effettuare un&#8217;analisi delle caratteristiche del candidato.<br \/>con l&#8217;obiettivo di selezionare un candidato per la posizione vacante di controllore.<br \/>(con il consenso dell&#8217;interessato, 6.1.a GDPR)<br \/>Nel modulo Prenotazioni<br \/>Formalizzare le prenotazioni nello stabilimento del controllore.<br \/>(per l&#8217;esecuzione di un contratto o di un precontratto, 6.1.b GDPR)<br \/>Inviare comunicazioni commerciali pubblicitarie tramite e-mail, fax, SMS, MMS, social network o qualsiasi altro mezzo.<br \/>mezzi elettronici o fisici, presenti o futuri, ai clienti, che consentano comunicazioni commerciali<br \/>riguardanti prodotti o servizi che sono simili a quelli inizialmente contrattati con il cliente (art.<br \/>21,2 LSSI).<br \/>(per il legittimo interesse del responsabile, art. 6.1.f GDPR)<br \/>Nella forma Citazioni<br \/>Programmare appuntamenti e riunioni con il controllore.<br \/>(per il legittimo interesse del responsabile, art. 6.1.f GDPR)<\/p>\n<p>Palma Riders S.C.<\/p>\n<p>Palma Riders S.C. P. 2<br \/>29-09-2022<br \/>Reti sociali<br \/>Contatto attraverso i Social Network al fine di mantenere una relazione tra l&#8217;Utente e il Responsabile,<br \/>che possono includere le seguenti operazioni: &#8211; Elaborare le vostre richieste e domande. &#8211; Informare su attivit\u00e0 e<br \/>eventi. &#8211; Informare su prodotti e\/o servizi. &#8211; Interagire attraverso i profili ufficiali. L&#8217;utente ha un profilo sul sito<br \/>stesso social network e ha deciso di iscriversi al social network della Parte Responsabile, dimostrando cos\u00ec il proprio interesse<br \/>nelle informazioni pubblicate su di essa, pertanto, al momento della richiesta di seguire la nostra pagina ufficiale, essi forniscono<br \/>con il vostro consenso al trattamento dei vostri dati. L&#8217;Utente pu\u00f2 accedere alle politiche sulla privacy dei social network.<br \/>rete stessa in qualsiasi momento, nonch\u00e9 di configurare il proprio profilo per garantire la propria privacy. Una volta che l&#8217;utente \u00e8 un<br \/>follower o si \u00e8 iscritto al social network della Parte Responsabile, pu\u00f2 pubblicare commenti, link, immagini,<br \/>fotografie o qualsiasi altro tipo di contenuto da esso supportato. L&#8217;Utente, in tutti i casi, deve essere il proprietario dell&#8217;oggetto.<br \/>contenuti pubblicati, godere dei diritti d&#8217;autore e di propriet\u00e0 intellettuale o avere il consenso della terza parte interessata<br \/>partiti. &#8211; Invio di comunicazioni commerciali relative alle attivit\u00e0 delle societ\u00e0 del Gruppo, nonch\u00e9<br \/>societ\u00e0 esterne al Gruppo, con le quali sono stati stipulati accordi di collaborazione commerciale o di intermediazione.<br \/>stabilito. Ulteriori informazioni su questo testo di partenzaPer ulteriori informazioni sulla traduzione, vedere<br \/>\u00e8 necessario il testo sorgente Inviare commenti Pannelli laterali<br \/>(con il consenso dell&#8217;interessato, 6.1.a GDPR)<br \/>Messaggistica istantanea<br \/>Programmare appuntamenti e riunioni con il controllore.<br \/>(per il legittimo interesse del responsabile, art. 6.1.f GDPR)<br \/>Inviare comunicazioni commerciali pubblicitarie tramite e-mail, fax, SMS, MMS, social network o qualsiasi altro mezzo.<br \/>mezzi elettronici o fisici, presenti o futuri, ai clienti, che consentano comunicazioni commerciali<br \/>riguardanti prodotti o servizi che sono simili a quelli inizialmente contrattati con il cliente (art.<br \/>21,2 LSSI).<br \/>(per il legittimo interesse del responsabile, art. 6.1.f GDPR)<br \/>Gestire, mantenere, migliorare o sviluppare i servizi forniti.<br \/>(per l&#8217;esecuzione di un contratto o di un precontratto, 6.1.b GDPR)<br \/>Gestire l&#8217;acquisto o l&#8217;ordine online, elaborare il pagamento e procedere alla spedizione o all&#8217;attivazione del prodotto.<br \/>stesso, sulla base delle condizioni generali di contratto.<br \/>(per l&#8217;esecuzione di un contratto o di un precontratto, 6.1.b GDPR)<br \/>Inviare preventivi commerciali su prodotti e servizi.<br \/>(per l&#8217;esecuzione di un contratto o di un precontratto, 6.1.b GDPR)<br \/>Inviare comunicazioni commerciali pubblicitarie tramite e-mail, fax, SMS, MMS, social network o qualsiasi altro mezzo.<br \/>mezzi elettronici o fisici, presenti o futuri, che consentono di effettuare comunicazioni commerciali.<br \/>Tali comunicazioni saranno effettuate dal responsabile del trattamento e riguarderanno i loro prodotti e servizi, oppure<br \/>quelli dei loro partner o fornitori con cui hanno raggiunto un accordo di promozione. In questo caso, il<br \/>terzi non avranno mai accesso ai dati personali.<br \/>(con il consenso dell&#8217;interessato, 6.1.a GDPR)<br \/>Rispondere alle domande o a qualsiasi tipo di richiesta fatta dall&#8217;utente attraverso uno qualsiasi dei metodi di contatto disponibili su<br \/>il sito web del responsabile del trattamento.<br \/>(per il legittimo interesse del responsabile, art. 6.1.f GDPR)<\/p>\n<p>Scopo Sicurezza e controllo degli accessi, controllo del lavoro e attivit\u00e0 interna Legittimazione Interesse pubblico alla sicurezza<br \/>e il controllo degli accessi e il legittimo interesse del Responsabile in base all&#8217;art. 20.3 dello Statuto dei Lavoratori<br \/>Conservazione Un massimo di 30 giorni<\/p>\n<p>Palma Riders S.C.<\/p>\n<p>Palma Riders S.C. P. 3<br \/>29-09-2022<br \/>(con il consenso dell&#8217;interessato, 6.1.a GDPR)<br \/>Immagini e registrazioni<br \/>File con immagini statiche e\/o dinamiche. Include la pubblicazione sui media del titolare del trattamento o di terzi.<br \/>(con il consenso dell&#8217;interessato, 6.1.a GDPR)<br \/>Clienti e fornitori<br \/>Gestione degli affari con clienti e fornitori<br \/>(per il legittimo interesse del responsabile, art. 6.1.f GDPR)<br \/>Esclusione della pubblicit\u00e0<br \/>Gestione dei dati per evitare l&#8217;invio di comunicazioni commerciali a chi ha espresso il proprio rifiuto o<br \/>opposizione a riceverli.<br \/>(per l&#8217;adempimento di un obbligo legale, 6.1.c GDPR)<br \/>Pubblicit\u00e0 commerciale<br \/>Gestione della pubblicit\u00e0 e prospezione commerciale. Include dati provenienti da fonti legittime accessibili al pubblico<br \/>fonti.<br \/>(per il legittimo interesse del responsabile, art. 6.1.f GDPR)<br \/>Diritto delle parti interessate<br \/>Rispondere alle richieste dei cittadini nell&#8217;esercizio dei diritti stabiliti dal GDPR<br \/>(per l&#8217;adempimento di un obbligo legale, 6.1.c GDPR)<br \/>Utenti Web, app e altre piattaforme della persona i<br \/>Dati identificativi degli utenti che accedono al sito web aziendale.<br \/>(per il legittimo interesse del responsabile, art. 6.1.f GDPR)<br \/>Formazione, corsi, workshop, attivit\u00e0 o simili.<br \/>Gestione delle condizioni di accesso e di utilizzo.<br \/>(per il legittimo interesse del responsabile, art. 6.1.f GDPR)<br \/>Connessione alla rete Wi-Fi<br \/>&#8211; Eseguire analisi statistiche e ricerche di mercato. (per il legittimo interesse dell&#8217;incaricato, art. 6.1.f)<br \/>GDPR) &#8211; Condurre indagini sulla soddisfazione e sulla qualit\u00e0. (per il legittimo interesse dell&#8217;incaricato, art. 6.1.f)<br \/>GDPR)<br \/>(con il consenso dell&#8217;interessato, 6.1.a GDPR)<br \/>Per quanto tempo conserveremo i vostri dati personali?<br \/>I dati saranno conservati per un periodo di tempo non superiore a quello necessario per il mantenimento delle finalit\u00e0 del trattamento o per il periodo di tempo in cui sussiste un obbligo legale di conservazione.<br \/>prescrizioni che ne dettano la custodia, e quando tale finalit\u00e0 non \u00e8 pi\u00f9 necessaria i dati saranno cancellati con un&#8217;adeguata<br \/>misure di sicurezza per garantire l&#8217;anonimizzazione dei dati o la loro completa distruzione.<br \/>A chi comunichiamo i vostri dati personali?<\/p>\n<p>Palma Riders S.C.<\/p>\n<p>Palma Riders S.C. P. 4<br \/>29-09-2022<br \/>Non \u00e8 prevista la comunicazione di dati personali a terzi se non, se necessario, per lo sviluppo e l&#8217;esecuzione del progetto.<br \/>ai fini del trattamento, ai nostri fornitori di servizi relativi alle comunicazioni, con i quali il TITOLARE ha sottoscritto il contratto di licenza.<br \/>contratti di riservatezza e di trattamento dei dati richiesti dalla normativa vigente in materia di privacy.<br \/>Quali sono i vostri diritti?<br \/>I diritti dell&#8217;UTENTE sono:<br \/>Diritto di ritirare il consenso in qualsiasi momento.<\/p>\n<p>Diritto di accesso, rettifica, portabilit\u00e0 e cancellazione dei propri dati e limitazione o opposizione al loro trattamento.<\/p>\n<p>Il diritto di presentare un reclamo all&#8217;Autorit\u00e0 di Vigilanza spagnola (www.aepd.es) se si ritiene che il trattamento non<br \/>rispettare la normativa vigente.<br \/>Informazioni di contatto per l&#8217;esercizio dei diritti:<br \/>Palma Riders S.C.. C\/ Arxiduc Llu\u00eds Salvador, 19, Local Izq., &#8211; 07004 Palma di Maiorca (Illes Balears). E-mail: palmariders@gmail.com<\/p>\n<p>2. NATURA OBBLIGATORIA O FACOLTATIVA DELLE INFORMAZIONI FORNITE DALL&#8217;UTENTE<br \/>Gli UTENTI, contrassegnando le caselle corrispondenti e inserendo i dati nei campi, contrassegnati da un asterisco (*) nel modulo di contatto o<br \/>scaricare i moduli, accettano espressamente e in modo libero e inequivocabile che i loro dati sono necessari al fornitore per soddisfare le sue esigenze.<br \/>richiesta, fornendo volontariamente i propri dati nei campi rimanenti. L&#8217;UTENTE assicura che i dati personali forniti al<br \/>Il FORNITORE \u00e8 responsabile della comunicazione di eventuali modifiche.<br \/>Il FORNITORE informa che tutti i dati richiesti attraverso il sito web sono obbligatori, in quanto necessari per la fornitura di una<br \/>servizio ottimale per l&#8217;UTENTE. Nel caso in cui non vengano forniti tutti i dati, non vi \u00e8 alcuna garanzia che le informazioni e le<br \/>I servizi forniti saranno completamente adattati alle esigenze dell&#8217;Utente.<\/p>\n<p>3. MISURE DI SICUREZZA<br \/>Che in conformit\u00e0 con le disposizioni della normativa vigente in materia di protezione dei dati personali, il TITOLARE si sta conformando<br \/>con tutte le disposizioni del GDPR e della LOPDGDD per il trattamento dei dati personali di cui sono responsabili, e<br \/>\u00e8 manifestamente conforme ai principi descritti nell&#8217;articolo 5 del GDPR, in base al quale i dati sono trattati in modo lecito, equo e corretto.<br \/>in modo trasparente nei confronti dell&#8217;interessato e appropriato, pertinente e limitato a quanto necessario in relazione all&#8217;attivit\u00e0 dell&#8217;interessato.<br \/>finalit\u00e0 per le quali sono trattati.<br \/>Il FORNITORE garantisce che sono state attuate tutte le politiche tecniche e organizzative appropriate per applicare il<br \/>misure di sicurezza stabilite dal GDPR e dalla LOPDGDD al fine di tutelare i diritti e le libert\u00e0 degli UTENTI, e ha<br \/>comunicato le informazioni adeguate per poter esercitare i propri diritti e le proprie libert\u00e0.<br \/>Per ulteriori informazioni sulle tutele della privacy, \u00e8 possibile contattare il TITOLARE del trattamento tramite Palma Riders S.C.. C\/ Arxiduc Llu\u00eds<br \/>Salvador, 19, Local Izq., &#8211; 07004 Palma di Maiorca (Illes Balears). E-mail: palmariders@gmail.com<\/p>\n\t\t\t\t\t\t\t\t<\/div>\n\t\t\t\t<\/div>\n\t\t\t\t\t<\/div>\n\t\t<\/div>\n\t\t\t\t\t<\/div>\n\t\t<\/section>\n\t\t\t\t<\/div>\n\t\t","protected":false},"excerpt":{"rendered":"<p>1. INFORMAZIONI SULL&#8217;UTENTEChi \u00e8 il responsabile del trattamento dei vostri dati personali?Palma Riders S.C. \u00e8 il Titolare del trattamento dei dati personali dell&#8217;UTENTE e lo informa che tali dati verranno trattati inin conformit\u00e0 alle disposizioni del Regolamento (UE) 2016\/679 del 27 aprile (GDPR) e della Legge Organica 3\/2018 del 5 dicembre(LOPDGDD).Per quale scopo trattiamo i<\/p>\n","protected":false},"author":2,"featured_media":0,"parent":0,"menu_order":0,"comment_status":"closed","ping_status":"closed","template":"","meta":{"footnotes":""},"class_list":["post-5575","page","type-page","status-publish","hentry"],"yoast_head":"<!-- This site is optimized with the Yoast SEO plugin v27.3 - https:\/\/yoast.com\/product\/yoast-seo-wordpress\/ -->\n<title>Informativa sulla privacy - Palma Riders<\/title>\n<meta name=\"robots\" content=\"index, follow, max-snippet:-1, max-image-preview:large, max-video-preview:-1\" \/>\n<link rel=\"canonical\" href=\"https:\/\/palmariders.com\/it\/privacy-politicy\/\" \/>\n<meta property=\"og:locale\" content=\"it_IT\" \/>\n<meta property=\"og:type\" content=\"article\" \/>\n<meta property=\"og:title\" content=\"Informativa sulla privacy - Palma Riders\" \/>\n<meta property=\"og:description\" content=\"1. INFORMAZIONI SULL&#8217;UTENTEChi \u00e8 il responsabile del trattamento dei vostri dati personali?Palma Riders S.C. \u00e8 il Titolare del trattamento dei dati personali dell&#8217;UTENTE e lo informa che tali dati verranno trattati inin conformit\u00e0 alle disposizioni del Regolamento (UE) 2016\/679 del 27 aprile (GDPR) e della Legge Organica 3\/2018 del 5 dicembre(LOPDGDD).Per quale scopo trattiamo i\" \/>\n<meta property=\"og:url\" content=\"https:\/\/palmariders.com\/it\/privacy-politicy\/\" \/>\n<meta property=\"og:site_name\" content=\"Palma Riders\" \/>\n<meta property=\"article:publisher\" content=\"https:\/\/www.facebook.com\/palmariders\/\" \/>\n<meta property=\"article:modified_time\" content=\"2024-04-01T19:04:44+00:00\" \/>\n<meta name=\"twitter:card\" content=\"summary_large_image\" \/>\n<meta name=\"twitter:label1\" content=\"Tempo di lettura stimato\" \/>\n\t<meta name=\"twitter:data1\" content=\"8 minuti\" \/>\n<script type=\"application\/ld+json\" class=\"yoast-schema-graph\">{\"@context\":\"https:\\\/\\\/schema.org\",\"@graph\":[{\"@type\":\"WebPage\",\"@id\":\"https:\\\/\\\/palmariders.com\\\/it\\\/privacy-politicy\\\/\",\"url\":\"https:\\\/\\\/palmariders.com\\\/it\\\/privacy-politicy\\\/\",\"name\":\"Informativa sulla privacy - Palma Riders\",\"isPartOf\":{\"@id\":\"https:\\\/\\\/palmariders.com\\\/#website\"},\"datePublished\":\"2022-05-03T07:56:49+00:00\",\"dateModified\":\"2024-04-01T19:04:44+00:00\",\"breadcrumb\":{\"@id\":\"https:\\\/\\\/palmariders.com\\\/it\\\/privacy-politicy\\\/#breadcrumb\"},\"inLanguage\":\"it-IT\",\"potentialAction\":[{\"@type\":\"ReadAction\",\"target\":[\"https:\\\/\\\/palmariders.com\\\/it\\\/privacy-politicy\\\/\"]}]},{\"@type\":\"BreadcrumbList\",\"@id\":\"https:\\\/\\\/palmariders.com\\\/it\\\/privacy-politicy\\\/#breadcrumb\",\"itemListElement\":[{\"@type\":\"ListItem\",\"position\":1,\"name\":\"Portada\",\"item\":\"https:\\\/\\\/palmariders.com\\\/\"},{\"@type\":\"ListItem\",\"position\":2,\"name\":\"Informativa sulla privacy\"}]},{\"@type\":\"WebSite\",\"@id\":\"https:\\\/\\\/palmariders.com\\\/#website\",\"url\":\"https:\\\/\\\/palmariders.com\\\/\",\"name\":\"https:\\\/\\\/palmariders.com\\\/\",\"description\":\"\",\"potentialAction\":[{\"@type\":\"SearchAction\",\"target\":{\"@type\":\"EntryPoint\",\"urlTemplate\":\"https:\\\/\\\/palmariders.com\\\/?s={search_term_string}\"},\"query-input\":{\"@type\":\"PropertyValueSpecification\",\"valueRequired\":true,\"valueName\":\"search_term_string\"}}],\"inLanguage\":\"it-IT\"}]}<\/script>\n<!-- \/ Yoast SEO plugin. -->","yoast_head_json":{"title":"Informativa sulla privacy - Palma Riders","robots":{"index":"index","follow":"follow","max-snippet":"max-snippet:-1","max-image-preview":"max-image-preview:large","max-video-preview":"max-video-preview:-1"},"canonical":"https:\/\/palmariders.com\/it\/privacy-politicy\/","og_locale":"it_IT","og_type":"article","og_title":"Informativa sulla privacy - Palma Riders","og_description":"1. INFORMAZIONI SULL&#8217;UTENTEChi \u00e8 il responsabile del trattamento dei vostri dati personali?Palma Riders S.C. \u00e8 il Titolare del trattamento dei dati personali dell&#8217;UTENTE e lo informa che tali dati verranno trattati inin conformit\u00e0 alle disposizioni del Regolamento (UE) 2016\/679 del 27 aprile (GDPR) e della Legge Organica 3\/2018 del 5 dicembre(LOPDGDD).Per quale scopo trattiamo i","og_url":"https:\/\/palmariders.com\/it\/privacy-politicy\/","og_site_name":"Palma Riders","article_publisher":"https:\/\/www.facebook.com\/palmariders\/","article_modified_time":"2024-04-01T19:04:44+00:00","twitter_card":"summary_large_image","twitter_misc":{"Tempo di lettura stimato":"8 minuti"},"schema":{"@context":"https:\/\/schema.org","@graph":[{"@type":"WebPage","@id":"https:\/\/palmariders.com\/it\/privacy-politicy\/","url":"https:\/\/palmariders.com\/it\/privacy-politicy\/","name":"Informativa sulla privacy - Palma Riders","isPartOf":{"@id":"https:\/\/palmariders.com\/#website"},"datePublished":"2022-05-03T07:56:49+00:00","dateModified":"2024-04-01T19:04:44+00:00","breadcrumb":{"@id":"https:\/\/palmariders.com\/it\/privacy-politicy\/#breadcrumb"},"inLanguage":"it-IT","potentialAction":[{"@type":"ReadAction","target":["https:\/\/palmariders.com\/it\/privacy-politicy\/"]}]},{"@type":"BreadcrumbList","@id":"https:\/\/palmariders.com\/it\/privacy-politicy\/#breadcrumb","itemListElement":[{"@type":"ListItem","position":1,"name":"Portada","item":"https:\/\/palmariders.com\/"},{"@type":"ListItem","position":2,"name":"Informativa sulla privacy"}]},{"@type":"WebSite","@id":"https:\/\/palmariders.com\/#website","url":"https:\/\/palmariders.com\/","name":"https:\/\/palmariders.com\/","description":"","potentialAction":[{"@type":"SearchAction","target":{"@type":"EntryPoint","urlTemplate":"https:\/\/palmariders.com\/?s={search_term_string}"},"query-input":{"@type":"PropertyValueSpecification","valueRequired":true,"valueName":"search_term_string"}}],"inLanguage":"it-IT"}]}},"_links":{"self":[{"href":"https:\/\/palmariders.com\/it\/wp-json\/wp\/v2\/pages\/5575","targetHints":{"allow":["GET"]}}],"collection":[{"href":"https:\/\/palmariders.com\/it\/wp-json\/wp\/v2\/pages"}],"about":[{"href":"https:\/\/palmariders.com\/it\/wp-json\/wp\/v2\/types\/page"}],"author":[{"embeddable":true,"href":"https:\/\/palmariders.com\/it\/wp-json\/wp\/v2\/users\/2"}],"replies":[{"embeddable":true,"href":"https:\/\/palmariders.com\/it\/wp-json\/wp\/v2\/comments?post=5575"}],"version-history":[{"count":0,"href":"https:\/\/palmariders.com\/it\/wp-json\/wp\/v2\/pages\/5575\/revisions"}],"wp:attachment":[{"href":"https:\/\/palmariders.com\/it\/wp-json\/wp\/v2\/media?parent=5575"}],"curies":[{"name":"wp","href":"https:\/\/api.w.org\/{rel}","templated":true}]}}