{"id":5592,"date":"2022-05-03T08:43:54","date_gmt":"2022-05-03T07:43:54","guid":{"rendered":"https:\/\/palmariders.com\/consulente-legale\/"},"modified":"2024-04-01T20:04:44","modified_gmt":"2024-04-01T19:04:44","slug":"legal-advisor","status":"publish","type":"page","link":"https:\/\/palmariders.com\/it\/legal-advisor\/","title":{"rendered":"consulente legale"},"content":{"rendered":"\t\t<div data-elementor-type=\"wp-page\" data-elementor-id=\"5592\" class=\"elementor elementor-5592 elementor-2061\" data-elementor-post-type=\"page\">\n\t\t\t\t\t\t<section class=\"elementor-section elementor-top-section elementor-element elementor-element-73806054 elementor-section-boxed elementor-section-height-default elementor-section-height-default\" data-id=\"73806054\" data-element_type=\"section\" data-e-type=\"section\">\n\t\t\t\t\t\t<div class=\"elementor-container elementor-column-gap-default\">\n\t\t\t\t\t<div class=\"elementor-column elementor-col-100 elementor-top-column elementor-element elementor-element-58766f20\" data-id=\"58766f20\" data-element_type=\"column\" data-e-type=\"column\">\n\t\t\t<div class=\"elementor-widget-wrap elementor-element-populated\">\n\t\t\t\t\t\t<div class=\"elementor-element elementor-element-7f26a0bf elementor-widget elementor-widget-text-editor\" data-id=\"7f26a0bf\" data-element_type=\"widget\" data-e-type=\"widget\" data-widget_type=\"text-editor.default\">\n\t\t\t\t<div class=\"elementor-widget-container\">\n\t\t\t\t\t\t\t\t\t<p>PALMA RIDERS S.C., responsabile del sito web, di seguito RESPONSABILE, mette a disposizione degli utenti il presente documento, con il quale intende adempiere agli obblighi previsti dalla Legge 34\/2002, dell&#8217;11 luglio, sui Servizi della Societ\u00e0 dell&#8217;Informazione e del Commercio Elettronico (LSSICE), BOE n. 166, nonch\u00e9 informare tutti gli utenti del sito web sulle condizioni di utilizzo.<\/p>\n<p><\/p>\n<p>Chiunque acceda a questo sito web assume il ruolo di utente, impegnandosi ad osservare e rispettare scrupolosamente le disposizioni qui riportate, nonch\u00e9 ogni altra disposizione di legge eventualmente applicabile. PALMA RIDERS S.C. si riserva il diritto di modificare qualsiasi tipo di informazione che possa apparire sul sito web, senza alcun obbligo di preavviso o di informazione agli utenti, intendendo come sufficiente la pubblicazione sul sito web di PALMA RIDERS S.C..<\/p>\n<p><\/p>\n<p>1. DATI IDENTIFICATIVI<\/p>\n<p><\/p>\n<p>Nome di dominio: palmariders.com<\/p>\n<p>Nome dell&#8217;azienda: PALMA RIDERS S.C.<\/p>\n<p>CODICE FISCALE: J16660466<\/p>\n<p>Indirizzo legale: Carrer ARXIDUC LLUIS SALVADOR, n\u00famero 19, LOCAL IZQ, &#8211; 07004 Palma (Illes)<\/p>\n<p>Isole Baleari)<\/p>\n<p>Telefono: 871522709<\/p>\n<p>e-mail: palmariders@gmail.com<\/p>\n<p>Iscrizione al Registro (Mercantile\/Pubblico):<\/p>\n<p><\/p>\n<p>2. DIRITTI DI PROPRIET\u00c0 INTELLETTUALE E INDUSTRIALE<\/p>\n<p><\/p>\n<p>Il sito web, compresi, a titolo esemplificativo e non esaustivo, la programmazione, la redazione, la compilazione e gli altri elementi necessari al suo funzionamento, i disegni, i loghi, i testi e\/o la grafica, sono di propriet\u00e0 della PARTE RESPONSABILE o, se del caso, dispone di una licenza o di un&#8217;autorizzazione espressa da parte degli autori. Tutti i contenuti del sito sono debitamente protetti dalla propriet\u00e0 intellettuale e industriale.<\/p>\n<p>di propriet\u00e0 intellettuale e industriale, nonch\u00e9 iscritti nei corrispondenti registri pubblici. Indipendentemente dallo scopo per cui sono stati concepiti, la riproduzione totale o parziale, l&#8217;uso, lo sfruttamento, la distribuzione e la commercializzazione richiedono in ogni caso la previa autorizzazione scritta del RESPONSABILE. Qualsiasi uso non autorizzato \u00e8 considerato una grave violazione del diritto di privacy.<\/p>\n<p>dei diritti di propriet\u00e0 intellettuale o industriale dell&#8217;autore.<\/p>\n<p><\/p>\n<p>I disegni, i loghi, i testi e\/o i grafici che non appartengono al RESPONSABILE e che possono apparire sul sito web appartengono ai rispettivi proprietari, e sono essi stessi responsabili di ogni possibile controversia che possa sorgere in relazione ad essi. Il RESPONSABILE autorizza espressamente i terzi a reindirizzare direttamente ai contenuti specifici del sito, e in ogni caso a reindirizzare al sito principale di palmariders.com.<\/p>\n<p><\/p>\n<p>Il RESPONSABILE riconosce i corrispondenti diritti di propriet\u00e0 intellettuale e industriale a favore dei loro proprietari, e la loro semplice menzione o apparizione sul sito web non implica l&#8217;esistenza di alcun diritto o responsabilit\u00e0 su di essi, n\u00e9 alcun avallo, sponsorizzazione o raccomandazione da parte dello stesso. Per fare qualsiasi tipo di osservazione su eventuali violazioni dei diritti di propriet\u00e0 intellettuale o industriale, nonch\u00e9 su qualsiasi contenuto del sito web, potete<\/p>\n<p>via e-mail a palmariders@gmail.com.<\/p>\n<p><\/p>\n<p>3. ESENZIONE DI RESPONSABILIT\u00c0<\/p>\n<p><\/p>\n<p>Il RESPONSABILE \u00e8 esonerato da qualsiasi tipo di responsabilit\u00e0 derivante dalle informazioni pubblicate sul suo sito web, a condizione che tali informazioni siano state manipolate o introdotte da terzi estranei allo stesso.<\/p>\n<p><br><\/p>\n<p>Obblighi dell&#8217;utente<\/p>\n<p><br><\/p>\n<p>Utilizzando il Sito, l&#8217;utente dichiara di avere pi\u00f9 di diciotto anni. Per utilizzare il Sito, i minori devono ottenere l&#8217;autorizzazione preventiva dei genitori, dei tutori o dei rappresentanti legali, che saranno ritenuti responsabili di tutti gli atti compiuti dai minori a loro affidati. L&#8217;utente si impegna, in generale, a utilizzare il Sito e i servizi ad esso collegati con diligenza, nel rispetto della legge, del buon costume, dell&#8217;ordine pubblico e delle disposizioni delle presenti condizioni generali e delle condizioni specifiche eventualmente applicabili, e deve altres\u00ec astenersi dall&#8217;utilizzarli in qualsiasi modo che possa ostacolare il normale funzionamento e la fruizione del Sito da parte degli utenti.<\/p>\n<p>fruizione da parte degli utenti del Sito e dei servizi ad esso collegati, o che possano danneggiare o causare danni alla propriet\u00e0 e ai diritti dei proprietari del Sito, dei suoi fornitori, degli utenti o, in generale, di qualsiasi terzo. L&#8217;utente, nell&#8217;utilizzo del Sito Web e dei servizi ad esso collegati, si impegna a: 1. Non introdurre, memorizzare o diffondere attraverso il sito web o attraverso uno qualsiasi dei servizi ad esso collegati, alcun programma informatico, dato, virus, codice o qualsiasi altro strumento o dispositivo elettronico che possa causare danni al sito web, a qualsiasi servizio ad esso collegato o a qualsiasi apparecchiatura, sistema o rete dei proprietari del sito web, di qualsiasi utente, dei loro fornitori o, in generale, di qualsiasi terza parte, o che in qualsiasi altro modo possa causare danni al Sito web, a qualsiasi servizio ad esso collegato o a qualsiasi altra apparecchiatura, sistema o rete dei proprietari del Sito web, di qualsiasi utente, dei loro fornitori o, in generale, di qualsiasi terza parte.<\/p>\n<p>terzi, o che in qualsiasi altro modo sia in grado di causare loro qualsiasi tipo di alterazione o di impedire il normale funzionamento degli stessi. 2. Non utilizzare false identit\u00e0 o impersonare l&#8217;identit\u00e0 di altri quando si utilizza il Sito web o uno qualsiasi dei servizi ad esso collegati. 3. Non distruggere, alterare, rendere inutilizzabili o danneggiare i dati, le informazioni, i programmi o i documenti elettronici appartenenti ai proprietari del sito.<\/p>\n<p>Sito web, i suoi fornitori o terze parti. 4. Non inserire o diffondere informazioni diffamatorie, offensive, oscene, minacciose, xenofobe, che incitino alla violenza, alla discriminazione per sesso, razza, ideologia o religione o che violino in qualsiasi modo la morale, l&#8217;ordine pubblico, i diritti fondamentali, le libert\u00e0 pubbliche, l&#8217;onore, la privacy o l&#8217;immagine di terzi e, in generale, la legislazione vigente. Nel caso in cui un utente ritenga che vi siano fatti o circostanze che rivelino la natura illecita dell&#8217;uso di qualsiasi contenuto e\/o dello svolgimento di qualsiasi attivit\u00e0 sul Sito o accessibile attraverso lo stesso, dovr\u00e0 inviare una notifica ai proprietari del Sito inviando un&#8217;e-mail a palmariders@gmail.com.<\/p>\n<p><br><\/p>\n<p>Politica di collegamento<\/p>\n<p><br><\/p>\n<p>Dal Sito web, l&#8217;utente pu\u00f2 essere reindirizzato a contenuti di siti web di terzi. Poich\u00e9 il RESPONSABILE non pu\u00f2 sempre controllare i contenuti introdotti da terzi nei rispettivi siti web, non si assume alcun tipo di responsabilit\u00e0 in merito a tali contenuti. In ogni caso, proceder\u00e0 all&#8217;immediata rimozione di qualsiasi contenuto che possa contravvenire alla legislazione nazionale o internazionale, al buon costume o all&#8217;ordine pubblico, procedendo all&#8217;immediato ritiro del reindirizzamento a tale sito web, informando le autorit\u00e0 competenti del contenuto in questione.<\/p>\n<p><br><\/p>\n<p>Il RESPONSABILE non \u00e8 responsabile delle informazioni e dei contenuti memorizzati, inclusi, ma non limitati a, forum, chat, generatori di blog, commenti, social network o qualsiasi altro mezzo che permetta a terzi di pubblicare contenuti in modo indipendente sul sito web del RESPONSABILE. Tuttavia, in conformit\u00e0 con le disposizioni degli articoli 11 e 16 della LSSICE, si mette a disposizione di tutti gli utenti, delle autorit\u00e0 e delle forze di sicurezza, collaborando attivamente alla rimozione o, se del caso, al blocco di tutti i contenuti che possono pregiudicare o contravvenire alla legislazione nazionale o internazionale, ai diritti di terzi o al buon costume e all&#8217;ordine pubblico. Nel caso in cui l&#8217;utente ritenga che sul sito web siano presenti contenuti suscettibili di questa classificazione, \u00e8 pregato di comunicarlo immediatamente all&#8217;amministratore del sito.<\/p>\n<p><br><\/p>\n<p>Questo sito web \u00e8 stato controllato e testato per garantirne il corretto funzionamento. In linea di principio, \u00e8 possibile garantire il corretto funzionamento 365 giorni all&#8217;anno, 24 ore al giorno. Tuttavia, il RESPONSABILE non esclude la possibilit\u00e0 di alcuni errori di programmazione o il verificarsi di cause di forza maggiore, disastri naturali, scioperi o circostanze simili che rendano impossibile l&#8217;accesso al sito web.<\/p>\n<p><span style=\"color: var(--body-color);font-family: var(--font-body)\">Indirizzi IP<\/span><br><\/p><p><br><\/p><p>I server del sito web possono rilevare automaticamente l&#8217;indirizzo IP e il nome di dominio utilizzati dall&#8217;utente. L&#8217;indirizzo IP \u00e8 un numero assegnato automaticamente a un computer quando si connette a Internet. Tutte queste informazioni vengono registrate in un file di attivit\u00e0 del server debitamente registrato che consente il successivo trattamento dei dati ai fini di<\/p><p>solo misure statistiche che consentono di conoscere il numero di impressioni della pagina, il numero di visite effettuate ai server web, l&#8217;ordine delle visite, il punto di accesso, ecc.<\/p><p><br><\/p><p>4. LEGGE APPLICABILE E GIURISDIZIONE<\/p><p><br><\/p><p>Per la risoluzione di tutte le controversie o questioni relative a questo sito web o alle attivit\u00e0 svolte su di esso, si applicher\u00e0 la legislazione spagnola, alla quale le parti si sottomettono espressamente, e le Corti e i Tribunali pi\u00f9 vicini a Palma saranno competenti per la risoluzione di tutti i conflitti derivanti o correlati al suo utilizzo.<\/p>\n<p><\/p>\t\t\t\t\t\t\t\t<\/div>\n\t\t\t\t<\/div>\n\t\t\t\t<div class=\"elementor-element elementor-element-a0b6327 elementor-align-right elementor-mobile-align-center elementor-widget elementor-widget-button\" data-id=\"a0b6327\" data-element_type=\"widget\" data-e-type=\"widget\" data-widget_type=\"button.default\">\n\t\t\t\t<div class=\"elementor-widget-container\">\n\t\t\t\t\t\t\t\t\t<div class=\"elementor-button-wrapper\">\n\t\t\t\t\t<a class=\"elementor-button elementor-button-link elementor-size-sm\" href=\"#\">\n\t\t\t\t\t\t<span class=\"elementor-button-content-wrapper\">\n\t\t\t\t\t\t\t\t\t<span class=\"elementor-button-text\">Prenota online<\/span>\n\t\t\t\t\t<\/span>\n\t\t\t\t\t<\/a>\n\t\t\t\t<\/div>\n\t\t\t\t\t\t\t\t<\/div>\n\t\t\t\t<\/div>\n\t\t\t\t\t<\/div>\n\t\t<\/div>\n\t\t\t\t\t<\/div>\n\t\t<\/section>\n\t\t\t\t<\/div>\n\t\t","protected":false},"excerpt":{"rendered":"<p>PALMA RIDERS S.C., responsabile del sito web, di seguito RESPONSABILE, mette a disposizione degli utenti il presente documento, con il quale intende adempiere agli obblighi previsti dalla Legge 34\/2002, dell&#8217;11 luglio, sui Servizi della Societ\u00e0 dell&#8217;Informazione e del Commercio Elettronico (LSSICE), BOE n. 166, nonch\u00e9 informare tutti gli utenti del sito web sulle condizioni di<\/p>\n","protected":false},"author":2,"featured_media":0,"parent":0,"menu_order":0,"comment_status":"closed","ping_status":"closed","template":"","meta":{"footnotes":""},"class_list":["post-5592","page","type-page","status-publish","hentry"],"yoast_head":"<!-- This site is optimized with the Yoast SEO plugin v27.4 - https:\/\/yoast.com\/product\/yoast-seo-wordpress\/ -->\n<title>consulente legale - Palma Riders<\/title>\n<meta name=\"robots\" content=\"index, follow, max-snippet:-1, max-image-preview:large, max-video-preview:-1\" \/>\n<link rel=\"canonical\" href=\"https:\/\/palmariders.com\/it\/legal-advisor\/\" \/>\n<meta property=\"og:locale\" content=\"it_IT\" \/>\n<meta property=\"og:type\" content=\"article\" \/>\n<meta property=\"og:title\" content=\"consulente legale - Palma Riders\" \/>\n<meta property=\"og:description\" content=\"PALMA RIDERS S.C., responsabile del sito web, di seguito RESPONSABILE, mette a disposizione degli utenti il presente documento, con il quale intende adempiere agli obblighi previsti dalla Legge 34\/2002, dell&#8217;11 luglio, sui Servizi della Societ\u00e0 dell&#8217;Informazione e del Commercio Elettronico (LSSICE), BOE n. 166, nonch\u00e9 informare tutti gli utenti del sito web sulle condizioni di\" \/>\n<meta property=\"og:url\" content=\"https:\/\/palmariders.com\/it\/legal-advisor\/\" \/>\n<meta property=\"og:site_name\" content=\"Palma Riders\" \/>\n<meta property=\"article:publisher\" content=\"https:\/\/www.facebook.com\/palmariders\/\" \/>\n<meta property=\"article:modified_time\" content=\"2024-04-01T19:04:44+00:00\" \/>\n<meta name=\"twitter:card\" content=\"summary_large_image\" \/>\n<meta name=\"twitter:label1\" content=\"Tempo di lettura stimato\" \/>\n\t<meta name=\"twitter:data1\" content=\"7 minuti\" \/>\n<script type=\"application\/ld+json\" class=\"yoast-schema-graph\">{\"@context\":\"https:\\\/\\\/schema.org\",\"@graph\":[{\"@type\":\"WebPage\",\"@id\":\"https:\\\/\\\/palmariders.com\\\/it\\\/legal-advisor\\\/\",\"url\":\"https:\\\/\\\/palmariders.com\\\/it\\\/legal-advisor\\\/\",\"name\":\"consulente legale - Palma Riders\",\"isPartOf\":{\"@id\":\"https:\\\/\\\/palmariders.com\\\/#website\"},\"datePublished\":\"2022-05-03T07:43:54+00:00\",\"dateModified\":\"2024-04-01T19:04:44+00:00\",\"breadcrumb\":{\"@id\":\"https:\\\/\\\/palmariders.com\\\/it\\\/legal-advisor\\\/#breadcrumb\"},\"inLanguage\":\"it-IT\",\"potentialAction\":[{\"@type\":\"ReadAction\",\"target\":[\"https:\\\/\\\/palmariders.com\\\/it\\\/legal-advisor\\\/\"]}]},{\"@type\":\"BreadcrumbList\",\"@id\":\"https:\\\/\\\/palmariders.com\\\/it\\\/legal-advisor\\\/#breadcrumb\",\"itemListElement\":[{\"@type\":\"ListItem\",\"position\":1,\"name\":\"Portada\",\"item\":\"https:\\\/\\\/palmariders.com\\\/\"},{\"@type\":\"ListItem\",\"position\":2,\"name\":\"consulente legale\"}]},{\"@type\":\"WebSite\",\"@id\":\"https:\\\/\\\/palmariders.com\\\/#website\",\"url\":\"https:\\\/\\\/palmariders.com\\\/\",\"name\":\"https:\\\/\\\/palmariders.com\\\/\",\"description\":\"\",\"potentialAction\":[{\"@type\":\"SearchAction\",\"target\":{\"@type\":\"EntryPoint\",\"urlTemplate\":\"https:\\\/\\\/palmariders.com\\\/?s={search_term_string}\"},\"query-input\":{\"@type\":\"PropertyValueSpecification\",\"valueRequired\":true,\"valueName\":\"search_term_string\"}}],\"inLanguage\":\"it-IT\"}]}<\/script>\n<!-- \/ Yoast SEO plugin. -->","yoast_head_json":{"title":"consulente legale - Palma Riders","robots":{"index":"index","follow":"follow","max-snippet":"max-snippet:-1","max-image-preview":"max-image-preview:large","max-video-preview":"max-video-preview:-1"},"canonical":"https:\/\/palmariders.com\/it\/legal-advisor\/","og_locale":"it_IT","og_type":"article","og_title":"consulente legale - Palma Riders","og_description":"PALMA RIDERS S.C., responsabile del sito web, di seguito RESPONSABILE, mette a disposizione degli utenti il presente documento, con il quale intende adempiere agli obblighi previsti dalla Legge 34\/2002, dell&#8217;11 luglio, sui Servizi della Societ\u00e0 dell&#8217;Informazione e del Commercio Elettronico (LSSICE), BOE n. 166, nonch\u00e9 informare tutti gli utenti del sito web sulle condizioni di","og_url":"https:\/\/palmariders.com\/it\/legal-advisor\/","og_site_name":"Palma Riders","article_publisher":"https:\/\/www.facebook.com\/palmariders\/","article_modified_time":"2024-04-01T19:04:44+00:00","twitter_card":"summary_large_image","twitter_misc":{"Tempo di lettura stimato":"7 minuti"},"schema":{"@context":"https:\/\/schema.org","@graph":[{"@type":"WebPage","@id":"https:\/\/palmariders.com\/it\/legal-advisor\/","url":"https:\/\/palmariders.com\/it\/legal-advisor\/","name":"consulente legale - Palma Riders","isPartOf":{"@id":"https:\/\/palmariders.com\/#website"},"datePublished":"2022-05-03T07:43:54+00:00","dateModified":"2024-04-01T19:04:44+00:00","breadcrumb":{"@id":"https:\/\/palmariders.com\/it\/legal-advisor\/#breadcrumb"},"inLanguage":"it-IT","potentialAction":[{"@type":"ReadAction","target":["https:\/\/palmariders.com\/it\/legal-advisor\/"]}]},{"@type":"BreadcrumbList","@id":"https:\/\/palmariders.com\/it\/legal-advisor\/#breadcrumb","itemListElement":[{"@type":"ListItem","position":1,"name":"Portada","item":"https:\/\/palmariders.com\/"},{"@type":"ListItem","position":2,"name":"consulente legale"}]},{"@type":"WebSite","@id":"https:\/\/palmariders.com\/#website","url":"https:\/\/palmariders.com\/","name":"https:\/\/palmariders.com\/","description":"","potentialAction":[{"@type":"SearchAction","target":{"@type":"EntryPoint","urlTemplate":"https:\/\/palmariders.com\/?s={search_term_string}"},"query-input":{"@type":"PropertyValueSpecification","valueRequired":true,"valueName":"search_term_string"}}],"inLanguage":"it-IT"}]}},"_links":{"self":[{"href":"https:\/\/palmariders.com\/it\/wp-json\/wp\/v2\/pages\/5592","targetHints":{"allow":["GET"]}}],"collection":[{"href":"https:\/\/palmariders.com\/it\/wp-json\/wp\/v2\/pages"}],"about":[{"href":"https:\/\/palmariders.com\/it\/wp-json\/wp\/v2\/types\/page"}],"author":[{"embeddable":true,"href":"https:\/\/palmariders.com\/it\/wp-json\/wp\/v2\/users\/2"}],"replies":[{"embeddable":true,"href":"https:\/\/palmariders.com\/it\/wp-json\/wp\/v2\/comments?post=5592"}],"version-history":[{"count":0,"href":"https:\/\/palmariders.com\/it\/wp-json\/wp\/v2\/pages\/5592\/revisions"}],"wp:attachment":[{"href":"https:\/\/palmariders.com\/it\/wp-json\/wp\/v2\/media?parent=5592"}],"curies":[{"name":"wp","href":"https:\/\/api.w.org\/{rel}","templated":true}]}}